{"id":11717,"date":"2024-12-07T16:04:20","date_gmt":"2024-12-07T15:04:20","guid":{"rendered":"http:\/\/kolo-nowaruda.klodzko.pttk.pl\/?page_id=11717"},"modified":"2026-01-20T21:41:20","modified_gmt":"2026-01-20T20:41:20","slug":"plan-pracy-na-rok-2025","status":"publish","type":"page","link":"https:\/\/kolo-nowaruda.klodzko.pttk.pl\/index.php\/plan-pracy-na-rok-2025\/","title":{"rendered":"Plan pracy na rok 2026"},"content":{"rendered":"\n<div class=\"plan-imprez-2026\">\n  <p><strong>Plan imprez Ko\u0142a na rok 2026 (chronologicznie)<\/strong><\/p>\n  <ul>\n    <li><strong>10.01.2026<\/strong> \u2014 I Spacer Zimowy : S\u0142upiec dawna stacja \u2013 Zielona Dolina \u2013 S\u0142upiec dawna stacja <em>(Wzg\u00f3rza W\u0142odzickie)<\/em>. Odpowiedzialny: PTG Edward Soja.<\/li>\n    <li><strong>24.01.2026<\/strong> \u2014 II Spacer Zimowy : S\u0142upiec dawna stacja \u2013 Ko\u015bcielec \u2013 Os. Wary\u0144skiego \u2013 S\u0142upiec dawna stacja <em>(Wzg\u00f3rza W\u0142odzickie)<\/em>. Odpowiedzialny: PTG Edward Soja.<\/li>\n    <li><strong>07.02.2026<\/strong> \u2014 Izerbejd\u017can : Polana Jakuszycka \u2013 Stacja Orle \u2013 Polana Jakuszycka <em>(G\u00f3ry Izerskie)<\/em>. Odpowiedzialny: PTG Jaros\u0142aw Zychowicz.<\/li>\n    <li><strong>14.02.2026<\/strong> \u2014 Rajd Walentynkowy : Nowa Ruda MOK \u2013 Droga Starom\u0142y\u0144ska \u2013 Wiata pod Kr\u0119pcem \u2013 Nowa Ruda MOK <em>(Wzg\u00f3rza W\u0142odzickie)<\/em>. Odpowiedzialny: PTG Edward Soja.<\/li>\n    <li><strong>07.03.2026<\/strong> \u2014 Myk na Kamyk : G\u0142uszyca G\u00f3rna \u2013 Zbiornik Kamyki \u2013 G\u0142uszyca G\u00f3rna <em>(G\u00f3ry Suche)<\/em>. Odpowiedzialny: PS Witold Telus.<\/li>\n    <li><strong>21.03.2026<\/strong> \u2014 Rajd Przebi\u015bnieg (rozpocz\u0119cie sezonu) : Ludwikowice \u2013 Gruntowa \u2013 Ludwikowice <em>(Wzg\u00f3rza Wyr\u0119bi\u0144skie)<\/em>. Odpowiedzialny: PTG Andrzej Wi\u015bniewski.<\/li>\n    <li><strong>11.04.2026<\/strong> \u2014 Bielawskie Widoki : Bielawa \u2013 Parkowa G\u00f3ra \u2013 Bielawa <em>(G\u00f3ry Sowie)<\/em>. Odpowiedzialny: PS Witold Telus.<\/li>\n    <li><strong>25.04.2026<\/strong> \u2014 Trzy Garby : Witk\u00f3w \u2013 Tr\u00f3jgarb \u2013 Bogusz\u00f3w <em>(G\u00f3ry Wa\u0142brzyskie)<\/em>. Odpowiedzialny: PTG Jaros\u0142aw Zychowicz.<\/li>\n    <li><strong>09.05.2026<\/strong> \u2014 VII Rajd Porozumienia Sudeckiego <em>(G\u00f3ry Sowie)<\/em>. Odpowiedzialny: Zarz\u0105d Oddzia\u0142u.<\/li>\n    <li><strong>23.05.2026<\/strong> \u2014 Kraina Violetty : Kulin \u2013 Lewin \u2013 Tasz\u00f3w \u2013 Lasek Miejski \u2013 Lewin <em>(G\u00f3ry Orlickie)<\/em>. Odpowiedzialny: PTG Edward Soja.<\/li>\n    <li><strong>13.06.2026<\/strong> \u2014 XXXII Putov\u00e1n\u00ed Broumovskem <em>(Broumovsk\u00e9 st\u011bny)<\/em>. Odpowiedzialny: K\u010cT Broumov.<\/li>\n    <li><strong>21.06.2026<\/strong> \u2014 XIII Noc \u015awi\u0119toja\u0144ska : wej\u015bcie na \u015al\u0119\u017c\u0119 <em>(Masyw \u015al\u0119\u017cy)<\/em>. Odpowiedzialny: PS Witold Telus.<\/li>\n    <li><strong>11.07.2026<\/strong> \u2014 Sowie \u0141awki <em>(Wzg\u00f3rza W\u0142odzickie)<\/em>. Odpowiedzialny: PTG Andrzej Wi\u015bniewski.<\/li>\n    <li><strong>18.07.2026<\/strong> \u2014 Panoramy Rudaw : Trzci\u0144sko \u2013 Sokoliki \u2013 Janowice Wielkie <em>(Rudawy Janowickie)<\/em>. Odpowiedzialny: PTG Jaros\u0142aw Zychowicz.<\/li>\n    <li><strong>08.08.2026<\/strong> \u2014 Suche G\u00f3ry : Bartnica \u2013 Czarnoch \u2013 Leszczyniec \u2013 \u015awierki <em>(G\u00f3ry Suche)<\/em>. Odpowiedzialny: PTG Edward Soja.<\/li>\n    <li><strong>22.08.2026<\/strong> \u2014 Izery Latem : Polana Jakuszycka \u2013 Wysoka Kopa \u2013 Szklarska Por\u0119ba <em>(G\u00f3ry Izerskie)<\/em>. Odpowiedzialny: PTG Jaros\u0142aw Zychowicz.<\/li>\n    <li><strong>12.09.2026<\/strong> \u2014 \u015aladami S\u0142awka : Szrenica \u2013 Voseck\u00e1 bouda \u2013 Mumlavsk\u00fd vodop\u00e1d \u2013 Harrachov <em>(Karkonosze)<\/em>. Odpowiedzialny: PTG Jaros\u0142aw Zychowicz.<\/li>\n    <li><strong>26.09.2026<\/strong> \u2014 Jesie\u0144 na Granicy : N\u00e1chod \u2013 Jir\u00e1skova chata \u2013 Dobro\u0161ov \u2013 Brzozowie \u2013 Kudowa-Zdr\u00f3j <em>(G\u00f3ry Orlickie)<\/em>. Odpowiedzialny: PS Witold Telus.<\/li>\n    <li><strong>03.10.2026<\/strong> \u2014 Rajd Borowik : Ludwikowice \u2013 Jawornik \u2013 Nowa Ruda <em>(Wzg\u00f3rza W\u0142odzickie)<\/em>. Odpowiedzialny: PTG Edward Soja.<\/li>\n    <li><strong>17.10.2026<\/strong> \u2014 Stolov\u00e9 : Radkowskie Ska\u0142y \u2013 Skalne Grzyby \u2013 Nikn\u0105ca \u0141\u0105ka \u2013 Radkowskie Ska\u0142y <em>(G\u00f3ry Sto\u0142owe)<\/em>. Odpowiedzialny: PS Witold Telus.<\/li>\n    <li><strong>11.11.2026<\/strong> \u2014 Rajd Niepodleg\u0142o\u015bci : Prze\u0142\u0119cz pod \u0141aszczow\u0105 \u2013 K\u0142odzka G\u00f3ra \u2013 Prze\u0142\u0119cz pod \u0141aszczow\u0105 <em>(G\u00f3ry Bardzkie)<\/em>. Odpowiedzialny: PTG Jaros\u0142aw Zychowicz.<\/li>\n    <li><strong>05.12.2026<\/strong> \u2014 XIII Rajd Barb\u00f3rkowy : Bogusz\u00f3w \u2013 Che\u0142miec \u2013 Bogusz\u00f3w <em>(G\u00f3ry Wa\u0142brzyskie)<\/em>. Odpowiedzialny: PS Witold Telus.<\/li>\n  <\/ul>\n<\/div>\n\n","protected":false},"excerpt":{"rendered":"<p>Plan imprez Ko\u0142a na rok 2026 (chronologicznie) 10.01.2026 \u2014 I Spacer Zimowy : S\u0142upiec dawna stacja \u2013 Zielona Dolina \u2013 S\u0142upiec dawna stacja (Wzg\u00f3rza W\u0142odzickie). Odpowiedzialny: PTG Edward Soja. 24.01.2026 \u2014 II Spacer Zimowy : S\u0142upiec dawna stacja \u2013 Ko\u015bcielec \u2013 Os. Wary\u0144skiego \u2013 S\u0142upiec dawna stacja (Wzg\u00f3rza W\u0142odzickie). Odpowiedzialny: PTG Edward Soja. 07.02.2026 \u2014 [&hellip;]<\/p>\n","protected":false},"author":141,"featured_media":0,"parent":0,"menu_order":0,"comment_status":"closed","ping_status":"closed","template":"","meta":{"ngg_post_thumbnail":0,"footnotes":""},"class_list":["post-11717","page","type-page","status-publish","hentry"],"_links":{"self":[{"href":"https:\/\/kolo-nowaruda.klodzko.pttk.pl\/index.php\/wp-json\/wp\/v2\/pages\/11717","targetHints":{"allow":["GET"]}}],"collection":[{"href":"https:\/\/kolo-nowaruda.klodzko.pttk.pl\/index.php\/wp-json\/wp\/v2\/pages"}],"about":[{"href":"https:\/\/kolo-nowaruda.klodzko.pttk.pl\/index.php\/wp-json\/wp\/v2\/types\/page"}],"author":[{"embeddable":true,"href":"https:\/\/kolo-nowaruda.klodzko.pttk.pl\/index.php\/wp-json\/wp\/v2\/users\/141"}],"replies":[{"embeddable":true,"href":"https:\/\/kolo-nowaruda.klodzko.pttk.pl\/index.php\/wp-json\/wp\/v2\/comments?post=11717"}],"version-history":[{"count":4,"href":"https:\/\/kolo-nowaruda.klodzko.pttk.pl\/index.php\/wp-json\/wp\/v2\/pages\/11717\/revisions"}],"predecessor-version":[{"id":14341,"href":"https:\/\/kolo-nowaruda.klodzko.pttk.pl\/index.php\/wp-json\/wp\/v2\/pages\/11717\/revisions\/14341"}],"wp:attachment":[{"href":"https:\/\/kolo-nowaruda.klodzko.pttk.pl\/index.php\/wp-json\/wp\/v2\/media?parent=11717"}],"curies":[{"name":"wp","href":"https:\/\/api.w.org\/{rel}","templated":true}]}}