{"id":13653,"date":"2025-06-30T16:22:17","date_gmt":"2025-06-30T14:22:17","guid":{"rendered":"https:\/\/kolo-nowaruda.klodzko.pttk.pl\/?page_id=13653"},"modified":"2025-06-30T21:03:04","modified_gmt":"2025-06-30T19:03:04","slug":"test-gps","status":"publish","type":"page","link":"https:\/\/kolo-nowaruda.klodzko.pttk.pl\/index.php\/test-gps\/","title":{"rendered":"Dziennik Zdobywcy (v.0.1 alpha)"},"content":{"rendered":"\n<p>Instrukcja:<\/p>\n\n\n\n<p>UWAGA: Strony www zazwyczaj bardzo s\u0142abo sobie radz\u0105 z pobieraniem wsp\u00f3\u0142rz\u0119dnych GPS, odczytuj\u0105 po prostu z lokalnej pami\u0119ci dane pobrane przez inn\u0105 aplikacj\u0119. Dlatego, aby wszystko zadzia\u0142a\u0142o jak nale\u017cy musisz zadba\u0107 o jak najaktualniejszy odczyt GPS, w tym celu:<\/p>\n\n\n\n<ol class=\"wp-block-list\">\n<li>Uruchom dowoln\u0105 aplikacj\u0119 w telefonie, kt\u00f3ra sprawdza na bie\u017c\u0105co wsp\u00f3\u0142rz\u0119dne GPS &#8211; np. Mapy Google (lub podobn\u0105).<\/li>\n\n\n\n<li>Poczekaj na jak najdok\u0142adniejsze ustawnienie Twoich wsp\u00f3\u0142rz\u0119dnych (to chwil\u0119 trwa!)<\/li>\n\n\n\n<li>Nie zamykaj tej aplikacji, niech dzia\u0142a w tle.<\/li>\n\n\n\n<li>Wr\u00f3\u0107 na nasz\u0105 stron\u0119, od\u015bwie\u017c j\u0105 je\u015bli to konieczne.<\/li>\n\n\n\n<li>Je\u015bli znajdujesz si\u0119 nie dalej ni\u017c 50 metr\u00f3w od punktu szczytowego pojawi si\u0119 napis &#8222;JESTE\u015a TUTAJ&#8221;, a szczyt zostanie zaliczony do zdobytych.<\/li>\n\n\n\n<li>Po zape\u0142nieniu tabeli pobierz jej zawarto\u015b\u0107 (pojawi si\u0119 specjalny przycisk) i wydrukuj &#8211; to Twoje potwierdzenie zdobycia szczyt\u00f3w Korony Nowej Rudy.<\/li>\n<\/ol>\n\n\n<p>[gps_coordinates]<\/p>\n","protected":false},"excerpt":{"rendered":"<p>Instrukcja: UWAGA: Strony www zazwyczaj bardzo s\u0142abo sobie radz\u0105 z pobieraniem wsp\u00f3\u0142rz\u0119dnych GPS, odczytuj\u0105 po prostu z lokalnej pami\u0119ci dane pobrane przez inn\u0105 aplikacj\u0119. Dlatego, aby wszystko zadzia\u0142a\u0142o jak nale\u017cy musisz zadba\u0107 o jak najaktualniejszy odczyt GPS, w tym celu:<\/p>\n","protected":false},"author":141,"featured_media":0,"parent":0,"menu_order":0,"comment_status":"closed","ping_status":"closed","template":"","meta":{"ngg_post_thumbnail":0,"footnotes":""},"class_list":["post-13653","page","type-page","status-publish","hentry"],"_links":{"self":[{"href":"https:\/\/kolo-nowaruda.klodzko.pttk.pl\/index.php\/wp-json\/wp\/v2\/pages\/13653","targetHints":{"allow":["GET"]}}],"collection":[{"href":"https:\/\/kolo-nowaruda.klodzko.pttk.pl\/index.php\/wp-json\/wp\/v2\/pages"}],"about":[{"href":"https:\/\/kolo-nowaruda.klodzko.pttk.pl\/index.php\/wp-json\/wp\/v2\/types\/page"}],"author":[{"embeddable":true,"href":"https:\/\/kolo-nowaruda.klodzko.pttk.pl\/index.php\/wp-json\/wp\/v2\/users\/141"}],"replies":[{"embeddable":true,"href":"https:\/\/kolo-nowaruda.klodzko.pttk.pl\/index.php\/wp-json\/wp\/v2\/comments?post=13653"}],"version-history":[{"count":3,"href":"https:\/\/kolo-nowaruda.klodzko.pttk.pl\/index.php\/wp-json\/wp\/v2\/pages\/13653\/revisions"}],"predecessor-version":[{"id":13679,"href":"https:\/\/kolo-nowaruda.klodzko.pttk.pl\/index.php\/wp-json\/wp\/v2\/pages\/13653\/revisions\/13679"}],"wp:attachment":[{"href":"https:\/\/kolo-nowaruda.klodzko.pttk.pl\/index.php\/wp-json\/wp\/v2\/media?parent=13653"}],"curies":[{"name":"wp","href":"https:\/\/api.w.org\/{rel}","templated":true}]}}