{"id":2269,"date":"2021-11-13T22:06:50","date_gmt":"2021-11-13T21:06:50","guid":{"rendered":"http:\/\/kolo-nowaruda.klodzko.n.pttk.pl\/?page_id=2269"},"modified":"2021-11-14T16:20:13","modified_gmt":"2021-11-14T15:20:13","slug":"rok-2019","status":"publish","type":"page","link":"https:\/\/kolo-nowaruda.klodzko.pttk.pl\/index.php\/rok-2019\/","title":{"rendered":"Rok 2019"},"content":{"rendered":"\n<p><a href=\"https:\/\/kolo-nowaruda.klodzko.pttk.pl\/2019\/12\/07\/po-raz-szosty-na-gwarkowym-szlaku\/\" data-type=\"post\" data-id=\"2272\">(2019-12-07) Po raz sz\u00f3sty na gwarkowym szlaku<\/a><br><a href=\"https:\/\/kolo-nowaruda.klodzko.pttk.pl\/2019\/11\/23\/na-krancach-wzgorz-wlodzickich\/\" data-type=\"post\" data-id=\"2275\">(2019-11-23) Na kra\u0144cach Wzg\u00f3rz W\u0142odzickich<\/a><br><a href=\"https:\/\/kolo-nowaruda.klodzko.pttk.pl\/2019\/11\/11\/vi-rajd-niepodleglosci\/\" data-type=\"post\" data-id=\"2278\">(2019-11-11) VI Rajd Niepodleg\u0142o\u015bci<\/a><br><a href=\"https:\/\/kolo-nowaruda.klodzko.pttk.pl\/2019\/10\/26\/calkiem-slonecznie-na-wielkiej-deszczowej\/\" data-type=\"post\" data-id=\"2282\">(2019-10-26) Ca\u0142kiem s\u0142onecznie na Wielkiej Deszczowej<\/a><br><a href=\"https:\/\/kolo-nowaruda.klodzko.pttk.pl\/2019\/10\/05\/kartofelek-z-wody-na-goraco\/\" data-type=\"post\" data-id=\"2284\">(2019-10-05) Kartofelek z wody &#8211; na gor\u0105co<\/a><br><a href=\"https:\/\/kolo-nowaruda.klodzko.pttk.pl\/2019\/10\/12\/w-cieniu-waligory\/\" data-type=\"post\" data-id=\"2286\">(2019-10-12) W cieniu Walig\u00f3ry<\/a><br><a href=\"https:\/\/kolo-nowaruda.klodzko.pttk.pl\/2019\/09\/28\/grzyby-z-przygodami\/\" data-type=\"post\" data-id=\"2288\">(2019-09-28) Grzyby z przygodami<\/a><br><a href=\"http:\/\/IV\">(2019-09-19) IV Rajd Seniora<\/a><br><a href=\"https:\/\/kolo-nowaruda.klodzko.pttk.pl\/2019\/08\/24\/sciezkami-ksieznej-feo\/\" data-type=\"post\" data-id=\"2292\">(2019-08-24) \u015acie\u017ckami ksi\u0119\u017cnej Feo<\/a><br><a href=\"https:\/\/kolo-nowaruda.klodzko.pttk.pl\/2019\/08\/17\/rajd-zlota-lilia\/\" data-type=\"post\" data-id=\"2294\">(2019-08-17) Rajd Z\u0142ota Lilia<\/a><br><a href=\"https:\/\/kolo-nowaruda.klodzko.pttk.pl\/2019\/08\/03\/spacerem-po-scianach\/\" data-type=\"post\" data-id=\"2296\">(2019-08-03) Spacerem po \u015bcianach<\/a><br><a href=\"https:\/\/kolo-nowaruda.klodzko.pttk.pl\/2019\/07\/20\/byla-kiedys-kolej-sowiogorska\/\" data-type=\"post\" data-id=\"2298\">(2019-07-20) By\u0142a kiedy\u015b Kolej Sowiog\u00f3rska<\/a><br><a href=\"https:\/\/kolo-nowaruda.klodzko.pttk.pl\/2019\/07\/06\/rajd-artyleryjski\/\" data-type=\"post\" data-id=\"2300\">(2019-07-06) Rajd Artyleryjski<\/a><br><a href=\"https:\/\/kolo-nowaruda.klodzko.pttk.pl\/2019\/06\/22\/swietojanska-noc-czerwcowa\/\" data-type=\"post\" data-id=\"2302\">(2019-06-22) \u015awi\u0119toja\u0144ska Noc Czerwcowa<\/a><br><a href=\"https:\/\/kolo-nowaruda.klodzko.pttk.pl\/2019\/06\/15\/xxv-putovani-broumovskem\/\" data-type=\"post\" data-id=\"2304\">(2019-06-15) XXV Putovani Broumovskem<\/a><br><a href=\"https:\/\/kolo-nowaruda.klodzko.pttk.pl\/2019\/06\/08\/kaprysny-pradziadek\/\" data-type=\"post\" data-id=\"2306\">(2019-06-08) Kapry\u015bny Pradziadek<\/a><br><a href=\"https:\/\/kolo-nowaruda.klodzko.pttk.pl\/2019\/06\/02\/na-szlaku-zamkow-piastowskich-wlen-i-okolice\/\" data-type=\"post\" data-id=\"2310\">(2019-06-02) Na Szlaku Zamk\u00f3w Piastowskich &#8211; Wle\u0144 i okolice<\/a><br><a href=\"https:\/\/kolo-nowaruda.klodzko.pttk.pl\/2019\/05\/11\/buki-i-czarny-szlak\/\" data-type=\"post\" data-id=\"2312\">(2019-05-11) Buki i czarny szlak<\/a><br><a href=\"https:\/\/kolo-nowaruda.klodzko.pttk.pl\/2019\/04\/14\/bocian-na-wulkanie\/\" data-type=\"post\" data-id=\"2314\">(2019-04-14) Bocian na wulkanie<\/a><br><a href=\"https:\/\/kolo-nowaruda.klodzko.pttk.pl\/2019\/03\/30\/w-poszukiwaniu-przebisniegow\/\" data-type=\"post\" data-id=\"2316\">(2019-03-30) W poszukiwaniu przebi\u015bnieg\u00f3w<\/a><br><a href=\"https:\/\/kolo-nowaruda.klodzko.pttk.pl\/2019\/03\/23\/wapniarka-z-zawilcami-i-sniezyca-w-tle\/\" data-type=\"post\" data-id=\"2318\">(2019-03-23) Wapniarka z zawilcami i \u015bnie\u017cyc\u0105 w tle<\/a><br><a href=\"https:\/\/kolo-nowaruda.klodzko.pttk.pl\/2019\/03\/18\/rekonstrukcja-zarzadu-kola\/\" data-type=\"post\" data-id=\"2320\">(2019-03-18) Rekonstrukcja Zarz\u0105du Ko\u0142a<\/a><br><a href=\"https:\/\/kolo-nowaruda.klodzko.pttk.pl\/2019\/02\/16\/rajd-czerwony-piaskowiec\/\" data-type=\"post\" data-id=\"2322\">(2019-02-16) Rajd Czerwony Piaskowiec<\/a><br><a href=\"https:\/\/kolo-nowaruda.klodzko.pttk.pl\/2019\/02\/09\/rajd-sniezynka\/\" data-type=\"post\" data-id=\"2324\">(2019-02-09) Rajd \u015anie\u017cynka<\/a><br><a href=\"https:\/\/kolo-nowaruda.klodzko.pttk.pl\/2019\/01\/26\/sopelkowy-spacer\/\" data-type=\"post\" data-id=\"2326\">(2019-01-26) Sopelkowy spacer<\/a><br><a href=\"https:\/\/kolo-nowaruda.klodzko.pttk.pl\/2019\/01\/12\/rajd-eskimos\/\" data-type=\"post\" data-id=\"2328\">(2019-01-12) Rajd Eskimos<\/a><\/p>\n","protected":false},"excerpt":{"rendered":"<p>(2019-12-07) Po raz sz\u00f3sty na gwarkowym szlaku(2019-11-23) Na kra\u0144cach Wzg\u00f3rz W\u0142odzickich(2019-11-11) VI Rajd Niepodleg\u0142o\u015bci(2019-10-26) Ca\u0142kiem s\u0142onecznie na Wielkiej Deszczowej(2019-10-05) Kartofelek z wody &#8211; na gor\u0105co(2019-10-12) W cieniu Walig\u00f3ry(2019-09-28) Grzyby z przygodami(2019-09-19) IV Rajd Seniora(2019-08-24) \u015acie\u017ckami ksi\u0119\u017cnej Feo(2019-08-17) Rajd Z\u0142ota Lilia(2019-08-03) Spacerem po \u015bcianach(2019-07-20) By\u0142a kiedy\u015b Kolej Sowiog\u00f3rska(2019-07-06) Rajd Artyleryjski(2019-06-22) \u015awi\u0119toja\u0144ska Noc Czerwcowa(2019-06-15) XXV Putovani Broumovskem(2019-06-08) [&hellip;]<\/p>\n","protected":false},"author":141,"featured_media":0,"parent":0,"menu_order":0,"comment_status":"closed","ping_status":"closed","template":"","meta":{"ngg_post_thumbnail":0,"footnotes":""},"class_list":["post-2269","page","type-page","status-publish","hentry"],"_links":{"self":[{"href":"https:\/\/kolo-nowaruda.klodzko.pttk.pl\/index.php\/wp-json\/wp\/v2\/pages\/2269","targetHints":{"allow":["GET"]}}],"collection":[{"href":"https:\/\/kolo-nowaruda.klodzko.pttk.pl\/index.php\/wp-json\/wp\/v2\/pages"}],"about":[{"href":"https:\/\/kolo-nowaruda.klodzko.pttk.pl\/index.php\/wp-json\/wp\/v2\/types\/page"}],"author":[{"embeddable":true,"href":"https:\/\/kolo-nowaruda.klodzko.pttk.pl\/index.php\/wp-json\/wp\/v2\/users\/141"}],"replies":[{"embeddable":true,"href":"https:\/\/kolo-nowaruda.klodzko.pttk.pl\/index.php\/wp-json\/wp\/v2\/comments?post=2269"}],"version-history":[{"count":7,"href":"https:\/\/kolo-nowaruda.klodzko.pttk.pl\/index.php\/wp-json\/wp\/v2\/pages\/2269\/revisions"}],"predecessor-version":[{"id":2331,"href":"https:\/\/kolo-nowaruda.klodzko.pttk.pl\/index.php\/wp-json\/wp\/v2\/pages\/2269\/revisions\/2331"}],"wp:attachment":[{"href":"https:\/\/kolo-nowaruda.klodzko.pttk.pl\/index.php\/wp-json\/wp\/v2\/media?parent=2269"}],"curies":[{"name":"wp","href":"https:\/\/api.w.org\/{rel}","templated":true}]}}