{"id":232,"date":"2021-11-12T13:03:57","date_gmt":"2021-11-12T12:03:57","guid":{"rendered":"http:\/\/kolo-nowaruda.klodzko.n.pttk.pl\/?page_id=232"},"modified":"2022-06-13T09:33:29","modified_gmt":"2022-06-13T07:33:29","slug":"historia-kolem-sie-toczy","status":"publish","type":"page","link":"https:\/\/kolo-nowaruda.klodzko.pttk.pl\/index.php\/historia-kolem-sie-toczy\/","title":{"rendered":"Historia ko\u0142em si\u0119 toczy.."},"content":{"rendered":"\n<p class=\"has-drop-cap\">W 1954 roku zarejestrowano Ko\u0142o PTTK w Nowej Rudzie jako jednostk\u0119 terenow\u0105 Oddzia\u0142u PTTK we Wa\u0142brzychu, z siedzib\u0105 w Nowej Rudzie, przy ul. Fredry 31.<br>Oko\u0142o roku 1970 PTTK Wa\u0142brzych powo\u0142uje delegatur\u0119 Biura Obs\u0142ugi Ruchu Turystycznego z siedzib\u0105 w Nowej Rudzie, przy ul. Bohater\u00f3w Getta (ob. siedziba redakcji &#8222;Gazety Noworudzkiej&#8221;). Ko\u0142o PTTK zostaje stowarzyszone z BORT i zaczyna wsp\u00f3\u0142dzia\u0142a\u0107 z BORT. Organizowane s\u0105 corocznie du\u017ce imprezy turystyczne, np. &#8222;Po\u017cegnanie Lata&#8221;, &#8222;Zlot Turyst\u00f3w na G\u00f3rze \u015bw. Anny&#8221;, &#8222;Rajd Robotnik\u00f3w&#8221; czy &#8222;Rajd Barb\u00f3rkowy&#8221;. Kszta\u0142cone s\u0105 kadry dzia\u0142aczy, dzia\u0142aj\u0105 liczne komisje PTTK.<br>Wed\u0142ug dokument\u00f3w ZG PTTK w 1958r. Ko\u0142o PTTK w Nowej Rudzie zostaje przekszta\u0142cone w samodzielny Oddzia\u0142 PTTK.<br>W 1975 r. Oddzia\u0142 PTTK we Wa\u0142brzychu przekszta\u0142cono w Zarz\u0105d Wojew\u00f3dzki PTTK. <br>W 1988 r. Z uwagi na nisk\u0105 rentowno\u015b\u0107 zlikwidowano ekspozytur\u0119 BORT oraz Oddzia\u0142 PTTK w Nowej Rudzie. Oddzia\u0142 PTTK powraca do formy dzia\u0142ania jako Ko\u0142o PTTK Nowa Ruda, jednak\u017ce z uwagi na problemy lokalowe (BORT PTTK straci\u0142 sw\u00f3j lokal na ul. Bohater\u00f3w Getta) wielu dzia\u0142aczy opuszcza Ko\u0142o w Nowej Rudzie, przenosz\u0105c si\u0119 do Oddzia\u0142\u00f3w PTTK w K\u0142odzku, we Wa\u0142brzychu i innych. Wielu cz\u0142onk\u00f3w tak\u017ce opuszcza PTTK.<br>Od roku 1988 noworudzkie Ko\u0142o PTTK dzia\u0142a g\u0142\u00f3wnie w oparciu o struktury szkolne, w tym SKKT PTTK w obecnej Noworudzkiej Szkole Technicznej. Osi\u0105 Ko\u0142a pozostaj\u0105 kol. Kazimierz Rosiek i kol. Czes\u0142aw Dominas.<br>W 1999 r. Powiat K\u0142odzki powo\u0142uje w Nowej Rudzie Szkolne Schronisko M\u0142odzie\u017cowe &#8222;TAU&#8221;, kt\u00f3re dzi\u0119ki zaanga\u017cowaniu w \u017cycie turystyczne kilku dzia\u0142aczy PTTK podtrzymuje jeszcze struktury PTTK w Nowej Rudzie. Funkcjonuje Zarz\u0105d, podejmowane s\u0105 i wykonywane Uchwa\u0142y.<br>W 2007 roku schronisko &#8222;TAU&#8221; po raz ostatni organizuje imprez\u0119 turystyczn\u0105 PTTK, Ko\u0142o istnieje ju\u017c tylko formalnie. Ostatni dzia\u0142acz, Honorowy Przodownik Turystyki G\u00f3rskiej, kol. Czes\u0142aw Dominas, przenosi si\u0119 do Oddzia\u0142u PTTK w K\u0142odzku.<br>Zarz\u0105d Ko\u0142a zaprzestaje spotka\u0144 Zarz\u0105du, w 2009 roku nie ma delegata Ko\u0142a na Zje\u017adzie Oddzia\u0142u PTTK w K\u0142odzku. Ko\u0142o PTTK w Nowej Rudzie formalnie istnieje, ale nie ma w nim ju\u017c \u017cadnego cz\u0142onka. Niemniej jednak Zarz\u0105d Oddzia\u0142y PTTK w K\u0142odzku oficjalnie nie przyj\u0105\u0142 uchwa\u0142y w sprawie likwidacji Ko\u0142a.<br>W roku 2012, po 3 latach przerwy w dzia\u0142alno\u015bci noworudzkiego PTTK spotykaj\u0105 si\u0119: dawny dzia\u0142acz PTTK w Nowej Rudzie, kol. Czes\u0142aw Dominas, Dyrektor Muzeum G\u00f3rnictwa w Nowej Rudzie, kol. Barbara Korbas, Szefowa Referatu Promocji i Turystyki w Nowej Rudzie, kol. El\u017cbieta Biskiewicz. Podejmuj\u0105 decyzj\u0119 o pr\u00f3bie reaktywacji struktur PTTK w Nowej Rudzie. Og\u0142oszenie o spotkaniu ch\u0119tnych trafia do lokalnej gazety &#8222;Noworudzianin&#8221;. Spotkanie wyznaczono w restauracji &#8222;Rycerska&#8221; w dniu 29 grudnia 2012 roku.<br>Na spotkanie przybywa ponad 20 zainteresowanych os\u00f3b. Przewodnicz\u0105cym zebrania by\u0142 kol. Czes\u0142aw Dominas. Uchwalono, \u017ce do Oddzia\u0142u PTTK &#8222;Ziemi K\u0142odzkiej&#8221; w K\u0142odzku zapisze si\u0119 grupa os\u00f3b, kt\u00f3ra decyduje si\u0119 utworzy\u0107 nowe Ko\u0142o Terenowe. Przekazano deklaracje cz\u0142onkowskie i wniosek o zawi\u0105zanie Ko\u0142a do Zarz\u0105du Oddzia\u0142u PTTK &#8222;Ziemi K\u0142odzkiej&#8221; w K\u0142odzku. Wniosek zostaje przyj\u0119ty przez Zarz\u0105d Oddzia\u0142u.<\/p>\n\n\n\n<p>29 stycznia 2013 roku, ponownie w resturacji &#8222;Rycerska&#8221; w kolejnym &#8211; za\u0142o\u017cycielskim spotkaniu wzi\u0119\u0142o udzia\u0142 36 os\u00f3b, w\u015br\u00f3d kt\u00f3rych znale\u017ali si\u0119 zaproszeni: Marek Krzan, prezes k\u0142odzkiego oddzia\u0142u PTTK, Piotr Janowski, cz\u0142onek zarz\u0105du oraz Joanna Dworakowska, pracownica biura. Go\u015bcie czuwali nad prawid\u0142owo\u015bci\u0105 przeprowadzanych g\u0142osowa\u0144 oraz ca\u0142o\u015bci\u0105 zebrania, podczas kt\u00f3rego ukonstytuowa\u0142 si\u0119 nowo wybrany zarz\u0105d noworudzkiego ko\u0142a. Nowym cz\u0142onkom wr\u0119czono legitymacje oraz odznaki PTTK. Pe\u0142noprawnymi cz\u0142onkami zosta\u0142o 25 os\u00f3b, z czego jedna przesz\u0142a z k\u0142odzkiego ko\u0142a. Na spotkanie przyby\u0142y osoby, kt\u00f3re jeszcze nie dope\u0142ni\u0142y wszystkich formalno\u015bci, ale by\u0142y zainteresowane cz\u0142onkostwem, b\u0105d\u017a czynnym braniem udzia\u0142u w podejmowanych przez ko\u0142o inicjatywach. Podj\u0119to uchwa\u0142\u0119 o nadaniu Ko\u0142u imienia &#8222;Gwark\u00f3w Noworudzkich&#8221;.<\/p>\n\n\n\n<p>W\u015br\u00f3d pierwszych dzia\u0142aczy Ko\u0142a nale\u017cy wspomie\u0107:<br>Honorowego Przodownika Turstytki G\u00f3rskiej, kol. Czes\u0142awa Dominasa &#8211; ostatniego cz\u0142onka dawnego Ko\u0142a PTTK w Nowej Rudzie,<br>\u015b.p. kol. Weronik\u0119 Kraus &#8211; ostatni\u0105 kierownik BORT PTTK w Nowej Rudzie,<br>kol. Karola Maliszewskiego &#8211; opiekuna SKKT w Szkole Podstawowej nr 3 w Nowej Rudzie,<br>kol. Jana Oko\u0144skiego &#8211; opiekuna SKKT w Szkole Podstawowej nr 7 w Nowej Rudzie,<br>kol. El\u017cbiet\u0119 Bisikiewicz &#8211; szefow\u0105 Referatu Promocji i Turystyki Urz\u0119du Miasta w Nowej Rudzie,<br>kol. Barbar\u0119 Korbas &#8211; Dyrektor Muzeum G\u00f3rnictwa w Nowej Rudzie,<br>kol. Ann\u0119 Szczepan &#8211; szefow\u0105 Noworudzkiego Uniwersytetu Trzeciego Wieku,<br>kol. Stanis\u0142awa Mroza &#8211; Redaktora Naczelnego tygodnika &#8222;Noworudzianin&#8221;, kt\u00f3ry obj\u0105\u0142 Ko\u0142o opiek\u0105 medialn\u0105,<br>kol. Witolda Telusa &#8211; informatyka, tw\u00f3rc\u0119 pierwszej (i kolejnych) wersji strony internetowej Ko\u0142a.<\/p>\n\n\n\n<p>W kolejnych latach rozpocz\u0119li\u015bmy aktywn\u0105 dzia\u0142alno\u015b\u0107, a jej przebieg mo\u017cna przeczyta\u0107 w naszej Kronice Ko\u0142a.<\/p>\n","protected":false},"excerpt":{"rendered":"<p>W 1954 roku zarejestrowano Ko\u0142o PTTK w Nowej Rudzie jako jednostk\u0119 terenow\u0105 Oddzia\u0142u PTTK we Wa\u0142brzychu, z siedzib\u0105 w Nowej Rudzie, przy ul. Fredry 31.Oko\u0142o roku 1970 PTTK Wa\u0142brzych powo\u0142uje delegatur\u0119 Biura Obs\u0142ugi Ruchu Turystycznego z siedzib\u0105 w Nowej Rudzie, przy ul. Bohater\u00f3w Getta (ob. siedziba redakcji &#8222;Gazety Noworudzkiej&#8221;). Ko\u0142o PTTK zostaje stowarzyszone z BORT [&hellip;]<\/p>\n","protected":false},"author":141,"featured_media":0,"parent":0,"menu_order":0,"comment_status":"closed","ping_status":"closed","template":"","meta":{"ngg_post_thumbnail":0,"footnotes":""},"class_list":["post-232","page","type-page","status-publish","hentry"],"_links":{"self":[{"href":"https:\/\/kolo-nowaruda.klodzko.pttk.pl\/index.php\/wp-json\/wp\/v2\/pages\/232","targetHints":{"allow":["GET"]}}],"collection":[{"href":"https:\/\/kolo-nowaruda.klodzko.pttk.pl\/index.php\/wp-json\/wp\/v2\/pages"}],"about":[{"href":"https:\/\/kolo-nowaruda.klodzko.pttk.pl\/index.php\/wp-json\/wp\/v2\/types\/page"}],"author":[{"embeddable":true,"href":"https:\/\/kolo-nowaruda.klodzko.pttk.pl\/index.php\/wp-json\/wp\/v2\/users\/141"}],"replies":[{"embeddable":true,"href":"https:\/\/kolo-nowaruda.klodzko.pttk.pl\/index.php\/wp-json\/wp\/v2\/comments?post=232"}],"version-history":[{"count":5,"href":"https:\/\/kolo-nowaruda.klodzko.pttk.pl\/index.php\/wp-json\/wp\/v2\/pages\/232\/revisions"}],"predecessor-version":[{"id":4324,"href":"https:\/\/kolo-nowaruda.klodzko.pttk.pl\/index.php\/wp-json\/wp\/v2\/pages\/232\/revisions\/4324"}],"wp:attachment":[{"href":"https:\/\/kolo-nowaruda.klodzko.pttk.pl\/index.php\/wp-json\/wp\/v2\/media?parent=232"}],"curies":[{"name":"wp","href":"https:\/\/api.w.org\/{rel}","templated":true}]}}