{"id":237,"date":"2021-11-12T17:24:53","date_gmt":"2021-11-12T16:24:53","guid":{"rendered":"http:\/\/kolo-nowaruda.klodzko.n.pttk.pl\/?page_id=237"},"modified":"2021-11-12T17:24:53","modified_gmt":"2021-11-12T16:24:53","slug":"sprawozdanie-z-dzialalnosci-kola-za-lata-2013-2016","status":"publish","type":"page","link":"https:\/\/kolo-nowaruda.klodzko.pttk.pl\/index.php\/sprawozdanie-z-dzialalnosci-kola-za-lata-2013-2016\/","title":{"rendered":"Sprawozdanie z dzia\u0142alno\u015bci Ko\u0142a za lata 2013-2016"},"content":{"rendered":"\n<p>Sprawozdanie z dzia\u0142alno\u015bci Ko\u0142a PTTK im. \u201eGwark\u00f3w Noworudzkich\u201d w Nowej Rudzie<\/p>\n\n\n\n<p>Za okres 01.01.2013r. (od za\u0142o\u017cenia Ko\u0142a) \u2013 28.10.2016r.<\/p>\n\n\n\n<ol class=\"wp-block-list\" type=\"I\"><li><strong>Za\u0142o\u017cenie Ko\u0142a<\/strong><\/li><\/ol>\n\n\n\n<p>Pierwszymi inicjatorami za\u0142o\u017cenia Ko\u0142a PTTK w Nowej Rudzie byli:<\/p>\n\n\n\n<p>&#8211; El\u017cbieta Bisikiewicz, kierownik Referatu Turystyki i Promocji Urz\u0119du Miasta Nowa Ruda<\/p>\n\n\n\n<p>&#8211; Czes\u0142aw Dominas \u2013 cz\u0142onek Zarz\u0105du Ko\u0142a PTTK w K\u0142odzku, Przodownik Turystyki G\u00f3rskiej<\/p>\n\n\n\n<p>Z inicjatywy tych os\u00f3b opublikowano w prasie lokalnej og\u0142oszenie o zawi\u0105zaniu si\u0119 grupy inicjatywnej oraz o pierwszym zebraniu os\u00f3b zainteresowanych powstaniem Ko\u0142a. Zebranie odby\u0142o si\u0119 w grudniu 2012 roku w restauracji \u201eRycerska\u201d w noworudzkim MOK-u. Obecni na zebraniu wype\u0142nili pierwsze deklaracje cz\u0142onkowskie PTTK i um\u00f3wili si\u0119 na zebranie za\u0142o\u017cycielskie w styczniu 2013r.<\/p>\n\n\n\n<ol class=\"wp-block-list\" type=\"I\" start=\"2\"><li><strong>Pierwsze Walne Zebranie i powo\u0142anie Zarz\u0105du Ko\u0142a<\/strong><\/li><\/ol>\n\n\n\n<p>Walne Zebranie za\u0142o\u017cycielskie Ko\u0142a odby\u0142o si\u0119 29 stycznia 2013r. Zebrani powo\u0142ali Zarz\u0105d Ko\u0142a, w sk\u0142ad kt\u00f3rego weszli:<\/p>\n\n\n\n<p>&#8211; Prezes Zarz\u0105du, kol. El\u017cbieta Bisikiewicz<\/p>\n\n\n\n<p>&#8211; Wiceprezes Zarz\u0105du, kol. Beata Sza\u0142\u0119ga<\/p>\n\n\n\n<p>&#8211; Sekretarz Zarz\u0105du, kol. Witold Telus<\/p>\n\n\n\n<p>&#8211; Skarbnik, kol. Renata Le\u015bniarek<\/p>\n\n\n\n<p>&#8211; Cz\u0142onek Zarz\u0105du, kol. Piotr Sikora<\/p>\n\n\n\n<p>Na Zebraniu uchwalono przyj\u0119cie nazwy \u201eGwark\u00f3w Noworudzkich\u201d oraz ramowy plan pracy na rok 2013.<\/p>\n\n\n\n<p>Zarz\u0105d w kolejnych dniach przyj\u0105\u0142 regulamin Ko\u0142a, powo\u0142a\u0142 stron\u0119 internetow\u0105 Ko\u0142a oraz og\u0142osi\u0142 konkurs plastyczny na logotyp Ko\u0142a. Po nades\u0142aniu prac do dalszego g\u0142osowania przyj\u0119to trzy propozycje. W drodze wolnego g\u0142osowania w internecie ostatecznie wy\u0142oniono projekt autorstwa pani Ilony Antoni\u00f3w.<\/p>\n\n\n\n<p>Po kilku miesi\u0105cach Cz\u0142onek Zarz\u0105du, kol. Piotr Sikora zrezygnowa\u0142 z prac w Zarz\u0105dzie, a jego miejsce \u2013 po jednog\u0142o\u015bnej decyzji pozosta\u0142ych cz\u0142onk\u00f3w Zarz\u0105du \u2013 zaj\u0105\u0142 kol. Czes\u0142aw Dominas.<\/p>\n\n\n\n<ol class=\"wp-block-list\" type=\"I\" start=\"3\"><li><strong>Grupy wsp\u00f3\u0142pracuj\u0105ce<\/strong><\/li><\/ol>\n\n\n\n<p>Od samego pocz\u0105tku Ko\u0142o by\u0142o efektem scalenia wielu inicjatyw oddolnych, prowadzonych przez do\u015bwiadczonych turyst\u00f3w w mniejszych grupach. Do najwa\u017cniejszych grup zaliczaj\u0105 si\u0119:<\/p>\n\n\n\n<p>&#8211; SKKT przy Szkole Podstawowej nr 3 im. prof. Josepha Wittiga w Nowej Rudzie, pod opiek\u0105 kol. Karola Maliszewskiego, Edwarda Lady i Izabeli Muller.<\/p>\n\n\n\n<p>&#8211; SKKT przy Szkole Podstawowej nr 7, pod opiek\u0105 kol. Jana Oko\u0144skiego<\/p>\n\n\n\n<p>&#8211; Stowarzyszenie Pro Publico Bono pod kierunkiem kol. Ireny Caryk<\/p>\n\n\n\n<p>&#8211; Noworudzki Uniwersytet Trzeciego Wieku pod kierunkiem kol. Anny Szczepan<\/p>\n\n\n\n<p>Stopniowo do inicjatyw Ko\u0142a do\u0142\u0105cza\u0142y kolejne grupy turystyczne, w tym:<\/p>\n\n\n\n<p>&#8211; grupa turystyczna z W\u0142odowic<\/p>\n\n\n\n<p>&#8211; grupa turystyczna z Gimnazjum nr 2 im. Marii Sk\u0142odowskiej-Curie w Nowej Rudzie<\/p>\n\n\n\n<p>&#8211; grupa \u201eM\u0142odzi Tury\u015bci\u201d z Szalejowa<\/p>\n\n\n\n<p>&#8211; grupa \u201eMa\u0142e Zuchy\u201d z Przedszkola przy Szkole Podstawowej nr 7 w Nowej Rudzie<\/p>\n\n\n\n<p>17 lutego 2014 roku mia\u0142o miejsce wsp\u00f3lne spotkanie z przedstawicielami Klubu Czeskich Turyst\u00f3w z Broumova, kt\u00f3re zaowocowa\u0142o nawi\u0105zaniem sta\u0142ej wsp\u00f3\u0142pracy.<\/p>\n\n\n\n<p>Ko\u0142o wsp\u00f3lnie z Parafi\u0105 pw. \u015aw. Miko\u0142aja w Nowej Rudzie wsp\u00f3\u0142pracowa\u0142o przy odrodzeniu idei pielgrzymkowej. Dzi\u0119ki wsp\u00f3\u0142pracy z ks. Dziekanem Jerzym Kosem uda\u0142o si\u0119 przywr\u00f3ci\u0107 wielowiekow\u0105 tradycj\u0119 \u201ePielgrzymki Noworudzian\u201d do Barda. Pierwsza grupa ruszy\u0142a na tras\u0119 10 czerwca 2013 roku.<\/p>\n\n\n\n<p>Opiek\u0119 medialn\u0105 nad poczynaniami Ko\u0142a od samego pocz\u0105tku jego istnienia roztacza redakcja Tygodnika spo\u0142eczno-kulturalnego \u201eNoworudzianin\u201d, z Redaktorem Naczelnym, kol. Stanis\u0142awem Mrozem. Wkr\u00f3tce do\u0142\u0105czy\u0142 tak\u017ce kol. Marek Ga\u0142owski z serwisu internetowego \u201eTurysta K\u0142odzki\u201d oraz redaktor Jan Zieli\u0144ski z \u201eKuriera Noworudzko-Radkowskiego\u201d. Przez kr\u00f3tki czas informacje o dzia\u0142alno\u015bci Ko\u0142a pojawia\u0142y si\u0119 tak\u017ce w tygodniku \u201ePanorama K\u0142odzka\u201d.<\/p>\n\n\n\n<ol class=\"wp-block-list\" type=\"I\" start=\"4\"><li><strong>Imprezy sta\u0142e (cykliczne)<\/strong><\/li><\/ol>\n\n\n\n<p>Po raz pierwszy pomys\u0142 stworzenia harmonogramu imprez cyklicznych pad\u0142 na pierwszym posiedzeniu Zarz\u0105du Ko\u0142a w lutym 2013r. Pierwszym pomys\u0142em by\u0142o zorganizowanie imprezy pod nazw\u0105 \u201eNoc \u015awi\u0119toja\u0144ska\u201d, po\u0142\u0105czenie rajdu pieszego, akcent\u00f3w tradycji ludowej z czas\u00f3w pras\u0142owia\u0144skich oraz festynu. Wsp\u00f3lnymi si\u0142ami naszego Ko\u0142a, Zespo\u0142u Pie\u015bni i Ta\u0144ca \u201eNowa Ruda\u201d, Rancza \u201eOvero\u201d pa\u0144stwa Kobak\u00f3w oraz K\u00f3\u0142 Gospody\u0144 Wiejskich z W\u0142odowic i Krajanowa zorganizowali\u015bmy imprez\u0119 dla prawie 100 uczestnik\u00f3w. \u201eNoc \u015awi\u0119toja\u0144ska\u201d pozosta\u0142a ju\u017c z nami na kolejne lata. W kolejnej edycji wspar\u0142a nas Rada Miasta, dzi\u0119ki czemu pojawi\u0142a si\u0119 czeska kapela \u201eOhrada\u201d, profesjonalny catering oraz transport. Edycja trzecia \u2013 eksperymentalnie \u2013 odby\u0142a si\u0119 w \u201eRanczu w Dolinie\u201d, w atmosferze ta\u0144c\u00f3w greckich i nadziei na mistrzostwo Europy.<\/p>\n\n\n\n<p>We wrze\u015bniu 2014 roku zainaugurowali\u015bmy imprez\u0119 polsko-czesk\u0105 pod nazw\u0105 \u201eJesie\u0144 na Granicy\u201d, kt\u00f3ra zak\u0142ada wsp\u00f3lne w\u0119drowanie szlakami w G\u00f3rach Suchych wraz z czeskimi turystami. Pierwsza edycja to trasa ze \u015awierk do Rupprechtic, kolejna mia\u0142a miejsce w okolicach schroniska \u201eAndrzej\u00f3wka\u201d. Kolejna planowana jest w okolicach wsi Janovicky.<\/p>\n\n\n\n<p>11 listopada 2014r. ruszy\u0142 pierwszy \u201eRajd Niepodleg\u0142o\u015bci\u201d, w kt\u00f3rym pojawia si\u0119 polska flaga niesiona przez najm\u0142odszego turyst\u0119. Kolejne edycje \u201eRajdu Niepodleg\u0142o\u015bci\u201d zwi\u0105za\u0142y si\u0119 z entuzjastycznym kibicowaniem zawodnikom \u201eBiegu Niepodleg\u0142o\u015bci\u201d, w tym w szczeg\u00f3lno\u015bci naszej pani Prezes.<\/p>\n\n\n\n<p>W grudniu 2014 roku ruszy\u0142a pierwsza edycja naszej \u201eflagowej\u201d imprezy, czyli \u201eRajdu Barb\u00f3rkowego\u201d. Wsp\u00f3lnie z Oddzia\u0142em PTTK \u201eZiemi K\u0142odzkiej\u201d w K\u0142odzku, Ko\u0142ami PTTK z Dusznik, K\u0142odzka i Klubem z Broumova, przy wsparciu Dyrektor \u201eKopalni Turystycznej\u201d, pani Barbary Korbas bawi\u0142o si\u0119 z nami ponad 100 os\u00f3b! Kolejna edycja zako\u0144czy\u0142a si\u0119 w Przyg\u00f3rzu, u st\u00f3p G\u00f3r Sowich. Nast\u0119pna zaplanowana jest tak\u017ce w Przyg\u00f3rzu.<\/p>\n\n\n\n<p>Marzec 2015 roku przyni\u00f3s\u0142 kolejn\u0105 inicjatyw\u0119 \u2013 \u201eRajd Przebi\u015bnieg\u201d \u2013 obowi\u0105zkowo we Wzg\u00f3rzach \u015acinawskich i obowi\u0105zkowo w poszukiwaniu przebi\u015bnieg\u00f3w. Kolejna edycja odby\u0142a si\u0119 w marcu 2016 roku.<\/p>\n\n\n\n<p>Imprez\u0105 w pewnym sensie cykliczn\u0105, cho\u0107 o zmiennym terminie, sta\u0142 si\u0119 \u201eprojekt GSS\u201d, czyli \u015bmia\u0142a pr\u00f3ba przej\u015bcia ca\u0142ego G\u0142\u00f3wnego Szlaku Sudeckiego. Pierwsze kroki postawili\u015bmy w \u015awieradowie Zdroju w czerwcu 2014 roku, a do dzi\u015b pokonali\u015bmy ju\u017c prawie 300 km z 444, jakie si\u0119 na nim znajduj\u0105. Wytrwali w\u0119drowcy dotarli ju\u017c do D\u0142ugopola Zdroju. By\u0142a to ju\u017c nasza XIV impreza z tego cyklu, a kolejne s\u0105 w planach.<\/p>\n\n\n\n<ol class=\"wp-block-list\" type=\"I\" start=\"5\"><li><strong>Imprezy r\u00f3\u017cne<\/strong><\/li><\/ol>\n\n\n\n<p><a><\/a> Oczywi\u015bcie \u201esol\u0105\u201d Ko\u0142a by\u0142y zawsze rozmaite wycieczki, spacery i rajdy. Kr\u00f3tsze i d\u0142u\u017csze, ale zawsze \u201ez tematem\u201d. W\u0119drowali\u015bmy po ca\u0142ych Sudetach, nie zawsze po szlakach. Czasem los nas rzuca\u0142 w jakie\u015b chaszcze, czasem na szerokie jezdnie, a czasem na wygodne le\u015bne \u015bcie\u017cki. Byli\u015bmy na \u015anie\u017cce, w G\u00f3rach Suchych, Rudawach Janowickich, G\u00f3rach Z\u0142otych, Bialskich, Bystrzyckich, Orlickich, Izerskich, Sto\u0142owych. Palili\u015bmy ogniska w \u015bniegu, we mgle i w upale. W\u0119drowali\u015bmy w s\u0142o\u0144cu, w \u015bniegu, w deszczu, w b\u0142ocie, w s\u0142ocie, w przeci\u0105gu, w poci\u0105gu. Nie ma tygodnia, \u017ceby kto\u015b gdzie\u015b nie prowadzi\u0142 wycieczki. Czasem nawet dwie w jednym dniu. By\u0142y nawet raz trzy propozycje na jeden dzie\u0144. Odwo\u0142ania wycieczek zdarza\u0142y si\u0119 niezwykle rzadko, chyba mo\u017ce ze cztery razy przez te 4 lata dzia\u0142alno\u015bci. W sumie na szlak wyruszyli\u015bmy ju\u017c ponad 120 razy!<\/p>\n\n\n\n<p>W\u0142\u0105czali\u015bmy si\u0119 tak\u017ce w dzia\u0142ania Ko\u0142a z Dusznik, Ko\u0142a z K\u0142odzka, Ko\u0142a z Wa\u0142brzycha i Klubu z Broumova.<\/p>\n\n\n\n<p>Do gamy imprez w\u0142\u0105czyli\u015bmy tak\u017ce wycieczki autokarowo-piesze, ze wskazaniem na terytorium Czech. Byli\u015bmy w Broumovie, w Pradze i na Pradziadzie. Wkr\u00f3tce wybieramy si\u0119 do Drezna w Niemczech, a s\u0105 i tacy, co wspominaj\u0105 co\u015b o Bieszczadach i Pieninach.<\/p>\n\n\n\n<ol class=\"wp-block-list\" type=\"I\" start=\"6\"><li><strong>Dzia\u0142alno\u015b\u0107 kulturalno-o\u015bwiatowa<\/strong><\/li><\/ol>\n\n\n\n<p>Turystyka to tak\u017ce wielka lekcja historii, biologii, geografii, j\u0119zyka polskiego i j\u0119zyk\u00f3w obcych. Na ka\u017cdej wycieczce przewodnik opowiada uczestnikom o dziejach regionu. Pojawiaj\u0105 si\u0119 konkursy krajoznawcze, tak na szlaku, jak i w czasie wi\u0119kszych imprez. Stopniowo nasza \u201ebaza wiedzy\u201d ro\u015bnie o kolejne ciekawe historie. Niekt\u00f3re prawdziwe, inne b\u0119d\u0105ce dzie\u0142em ludowych bajarzy, a niekt\u00f3re to w\u0142asne pomys\u0142y.<\/p>\n\n\n\n<p>Honorowy Przodownik Turystyki G\u00f3rskiej, kolega Czes\u0142aw Dominas zmotywowa\u0142 wi\u0119ksz\u0105 grup\u0119 turyst\u00f3w do pracy nad samokszta\u0142ceniem. Cierpliwie dopilnowuj\u0105c kursant\u00f3w doprowadzi\u0142 ich do szcz\u0119\u015bliwego opanowania wiedzy niezb\u0119dnej do uzyskania zaszczytnego tytu\u0142u \u201ePrzodownika Turystyki G\u00f3rskiej\u201d. Szlify przodownickie uzyska\u0142 najpierw kol. Edward Lada, a tej jesieni kol. Edward Soja i kol. Witold Telus.<\/p>\n\n\n\n<p>Czes\u0142aw Dominas i Witold Telus latem 2014 roku uko\u0144czyli pomy\u015blnie kurs Znakarza Szlak\u00f3w Turystycznych i w pa\u017adzierniku 2014 roku otrzymali legitymacje znakarskie.<\/p>\n\n\n\n<ol class=\"wp-block-list\" type=\"I\" start=\"7\"><li><strong>Dzia\u0142alno\u015b\u0107 w zakresie promocji regionu<\/strong><\/li><\/ol>\n\n\n\n<p>Cz\u0142onkowie naszego Ko\u0142a zawsze aktywnie wsp\u00f3\u0142uczestniczyli w imprezach promuj\u0105cych nasz region. Brali\u015bmy udzia\u0142 w tworzeniu nowych tras turystycznych (np. Szlaku przyja\u017ani polsko-czeskiej, szlaku \u201e\u015bwi\u0119toja\u0144skiego\u201d, Szlaku Trudu G\u00f3rniczego i Szlaku G\u00f3rniczego). Pomagali\u015bmy przy redagowaniu map, folder\u00f3w i informator\u00f3w. Poprowadzili\u015bmy kilka prelekcji dotycz\u0105cych problematyki spo\u0142eczno-turystycznej w gminach tworz\u0105cych \u201ePartnerstwo Noworudzko-Radkowskie\u201d. Pojawi\u0142y si\u0119 tak\u017ce liczne artyku\u0142y prasowe naszego autorstwa, w kt\u00f3rych zach\u0119camy do w\u0119dr\u00f3wek po najbli\u017cszej nam okolicy. Wkr\u00f3tce zawitali do nas tury\u015bci z odleglejszych cz\u0119\u015bci kraju, chc\u0105cy zobaczy\u0107 opisywane przez nas wspania\u0142o\u015bci.<\/p>\n\n\n\n<p>Wspieramy czynem i s\u0142owem nasze aktywne seniorki. Nasi dzia\u0142acze w\u0142\u0105czyli si\u0119 w promocj\u0119 akcji \u201eOg\u00f3lnopolski Marsz Nordic Walking Student\u00f3w UTW\u201d. Pojawiaj\u0105 si\u0119 kolejne inicjatywy w tym zakresie \u2013 rozw\u00f3j tras znakowanych Nordic Walking i tras spacerowych.<\/p>\n\n\n\n<p>Wsp\u00f3\u0142praca z opiekunami Zamku Kapitanowo w \u015acinawce \u015aredniej przynios\u0142a dwie imprezy z odwiedzinami Zamku a tak\u017ce spotkanie z Telewizj\u0105 Wroc\u0142aw, kt\u00f3ra zrealizowa\u0142a reporta\u017c o Zamku i jego w\u0142a\u015bcicielach.<\/p>\n\n\n\n<ol class=\"wp-block-list\" type=\"I\" start=\"8\"><li><strong>Najaktywniejsi dzia\u0142acze<\/strong><\/li><\/ol>\n\n\n\n<p>Nie mo\u017cna na koniec nie wymieni\u0107 wszystkich tych cz\u0142onk\u00f3w Ko\u0142a, kt\u00f3rzy w znacz\u0105cy spos\u00f3b wp\u0142yn\u0119li na jego losy i nie szcz\u0119dz\u0105c czasu, nerw\u00f3w i zdrowia anga\u017cowali si\u0119 w kolejne przedsi\u0119wzi\u0119cia.<\/p>\n\n\n\n<p>Serdeczne podzi\u0119kowania Zarz\u0105d Ko\u0142a sk\u0142ada:<\/p>\n\n\n\n<p>&#8211; Pani Prezes Ko\u0142a, kole\u017cance El\u017cbiecie Bisikiewicz \u2013 za cierpliwo\u015b\u0107, talent organizatorski, najwy\u017csze umiej\u0119tno\u015bci dyplomatyczne, ogarni\u0119cie sercem i rozumem kolejnych imprez i projekt\u00f3w oraz za podtrzymywanie wi\u0119z\u00f3w przyja\u017ani mi\u0119dzy Ko\u0142em a w\u0142adzami samorz\u0105dowymi.<\/p>\n\n\n\n<p>&#8211; Honorowemu Przodownikowi Turystyki G\u00f3rskiej, koledze Czes\u0142awowi Dominasowi \u2013 za rozpocz\u0119cie naszej przygody, niestrudzone prowadzenie dziesi\u0105tk\u00f3w wycieczek, podsuwanie kolejnych pomys\u0142\u00f3w na dzia\u0142ania, dzielenie si\u0119 z nami swoj\u0105 niesko\u0144czon\u0105 wiedz\u0105 o regionie, za wyszkolenie kolejnych Przodownik\u00f3w, organizacj\u0119 konkurs\u00f3w krajoznawczych, stworzenie unikatowych nagr\u00f3d rzeczowych, za dba\u0142o\u015b\u0107 o porz\u0105dek w dokumentacji i pilnowanie niesfornych turyst\u00f3w.<\/p>\n\n\n\n<p>&#8211; Przodownikowi Turystyki G\u00f3rskiej, koledze Edwardowi Ladzie \u2013 za wsp\u00f3lne wycieczki, za prowadzenie turyst\u00f3w po kolejnych wie\u017cach widokowych i szczytach sudeckich, za tysi\u0105ce wspania\u0142ych zdj\u0119\u0107, w tym niezwyk\u0142e oko do pi\u0119knych ptak\u00f3w, za dzielenie si\u0119 ogromn\u0105 wiedz\u0105 z historii g\u00f3rnictwa i ornitologii oraz za nies\u0142abn\u0105cy entuzjazm do krzewienia turystyki w\u015br\u00f3d najm\u0142odszych.<\/p>\n\n\n\n<p>&#8211; kol. Witoldowi Telusowi za wielogodzinn\u0105 prac\u0119 przy budowaniu i redagowaniu strony internetowej oraz wszelkich artyku\u0142\u00f3w, kt\u00f3re promuj\u0105 dzia\u0142alno\u015b\u0107 naszego ko\u0142a, za bezinteresown\u0105 pomoc przy ka\u017cdym nawet najbardziej zwariowanym pomy\u015ble, jakie realizujemy. Za cenn\u0105 merytorycznie wiedz\u0119 nie tylko w temacie turystyki, kt\u00f3r\u0105 s\u0142u\u017cy w ka\u017cdej wymagaj\u0105cej tego sytuacji. Za prace przy wyznaczaniu i znakowaniu istniej\u0105cych i nowych szlak\u00f3w. Wreszcie za ogarnianie stos\u00f3w papier\u00f3w, kt\u00f3re musz\u0105 potwierdza\u0107 i regulowa\u0107 dzia\u0142alno\u015b\u0107 naszej organizacji.<\/p>\n\n\n\n<p>&#8211; koledze Janowi Oko\u0144skiemu za przygotowanie szeregu wspania\u0142ych wycieczek pieszych i edukacyjnych dla dzieci i m\u0142odzie\u017cy, za wspania\u0142e konkursy plastyczno-wielotematyczne na naszych imprezach, za wiele wspania\u0142ych pomys\u0142\u00f3w na kolejne wycieczki i za wielki talent dyplomatyczny.<\/p>\n\n\n\n<p>&#8211; koledze Edwardowi Soi za aktywne w\u0142\u0105czenie si\u0119 w organizacj\u0119 spacer\u00f3w krajoznawczych i odwag\u0119, kt\u00f3ra pozwoli\u0142a mu na zdobycie tytu\u0142u Przodownika Turystyki G\u00f3rskiej i zasilenie kadry programowej PTTK tudzie\u017c za przygotowanie konkurs\u00f3w do imprezy Barb\u00f3rkowej.<\/p>\n\n\n\n<p>&#8211; kole\u017cance Renacie Le\u015bniarek, kt\u00f3ra pe\u0142ni\u0142a rol\u0119 skarbnika za fachowe i rzetelne prowadzenie rozlicze\u0144 wydatk\u00f3w ko\u0142a zwi\u0105zanych z organizowanymi inicjatywami.<\/p>\n\n\n\n<p>&#8211; kole\u017cance Beacie Sza\u0142\u0119dze za pomys\u0142y, kt\u00f3re podsuwa przy okazji organizowanych imprez oraz dzia\u0142ania promocyjne w postaci marketingu szeptanego, kt\u00f3ry powoduje, \u017ce coraz wi\u0119cej os\u00f3b do\u0142\u0105cza si\u0119 do naszych dzia\u0142a\u0144.<\/p>\n\n\n\n<p>&#8211; koledze Andrzejowi Behanowi za rozszerzenie dzia\u0142a\u0144 Ko\u0142a o wycieczki autokarowe i pieszo-autokarowe<\/p>\n\n\n\n<p>&#8211; kole\u017cance Annie Szczepan za zaanga\u017cowanie w prac\u0119 z grup\u0105 najbardziej do\u015bwiadczonych turyst\u00f3w oraz za odkrywanie nieznanych krain smaku i ukrytych skrz\u0119tnie skarb\u00f3w architektury.<\/p>\n\n\n\n<p>&#8211; koledze Krzysztofowi Wieczorkowi za przepi\u0119kne opowie\u015bci z najwy\u017cszych g\u00f3r \u015bwiata, niestrudzone promowanie odpowiedzialnej turystyki, dbanie i wzywanie do dbania o pi\u0119kno i czysto\u015b\u0107 w g\u00f3rach oraz za relacje z odwa\u017cnych wypraw do kres\u00f3w ludzkich mo\u017cliwo\u015bci.<\/p>\n\n\n\n<p>i wszystkim Wam, drodzy cz\u0142onkowie Ko\u0142a, poniewa\u017c to dzi\u0119ki Wam i dla Was zaistnia\u0142o Ko\u0142o, a to Wasz udzia\u0142 w kolejnych pomys\u0142ach i imprezach jest w tym wszystkim najwa\u017cniejszy.<\/p>\n\n\n\n<p>A tak\u017ce osobom, kt\u00f3re nie nale\u017c\u0105 (ju\u017c albo jeszcze) do Ko\u0142a:<\/p>\n\n\n\n<p>&#8211; Tomaszowi Proszkowi za pomoc przy tworzeniu znaczka rajdowego,<\/p>\n\n\n\n<p>&#8211; Andrzejowi Kopaczowi za wsparcie przy wykonywaniu prac znakarskich.<\/p>\n\n\n\n<p>&#8211; Robertowi Doma\u0144skiemu za wystruganie laski przeganiaj\u0105cej chmury (dla Czes\u0142awa)<br>&#8211; Pa\u0144stwu Kobak za udost\u0119pnianie wiaty&#8230;.. na Noc \u015awi\u0119toja\u0144sk\u0105 i rajd z Czechami.<\/p>\n\n\n\n<ol class=\"wp-block-list\" type=\"I\" start=\"9\"><li><strong>Podsumowanie<\/strong><\/li><\/ol>\n\n\n\n<p>Zarz\u0105d Ko\u0142a ko\u0144czy swoje urz\u0119dowanie z poczuciem dobrze spe\u0142nionej misji, kt\u00f3r\u0105 powierzono nam w roku 2013. Mamy nadziej\u0119, \u017ce zapami\u0119tacie tylko te najlepsze chwile i tak je kiedy\u015b przeka\u017cecie potomnym.<\/p>\n\n\n\n<p>Mam nadziej\u0119, \u017ce zar\u00f3wno naszym, jak i Waszym, szanowni \u201eGwarkowie\u201d, \u017cyczeniem jest aby Ko\u0142o toczy\u0142o si\u0119 dalej i ros\u0142o w si\u0142\u0119. Pora zatem zmierzy\u0107 si\u0119 z wyzwaniami kolejnych czterech lat pracy i m\u0105drze wybra\u0107 ludzi, kt\u00f3rzy pokieruj\u0105 Ko\u0142em, aby pop\u0119dzi\u0142o we w\u0142a\u015bciw\u0105 stron\u0119. Warto tak\u017ce wesprze\u0107 nasz macierzysty Oddzia\u0142 i zasili\u0107 go nowymi si\u0142ami turyst\u00f3w z Nowej Rudy.<\/p>\n\n\n\n<p>Dzi\u0119kujemy Wam za wspania\u0142e cztery lata i prosimy o udzielenie absolutorium na zako\u0144czenie kadencji.<\/p>\n\n\n\n<p><em>Cz\u0142onkowie Zarz\u0105du:<\/em><\/p>\n\n\n\n<p><em>Prezes Ko\u0142a \u2013 El\u017cbieta Bisikiewicz<br>Wiceprezes Ko\u0142a \u2013 Beata Sza\u0142\u0119ga<\/em><\/p>\n\n\n\n<p><em>Sekretarz \u2013 Witold Telus<\/em><\/p>\n\n\n\n<p><em>Skarbnik \u2013 Renata Le\u015bniarek<\/em><\/p>\n\n\n\n<p><em>Cz\u0142onek Zarz\u0105du \u2013 Czes\u0142aw Dominas<\/em><\/p>\n","protected":false},"excerpt":{"rendered":"<p>Sprawozdanie z dzia\u0142alno\u015bci Ko\u0142a PTTK im. \u201eGwark\u00f3w Noworudzkich\u201d w Nowej Rudzie Za okres 01.01.2013r. (od za\u0142o\u017cenia Ko\u0142a) \u2013 28.10.2016r. Za\u0142o\u017cenie Ko\u0142a Pierwszymi inicjatorami za\u0142o\u017cenia Ko\u0142a PTTK w Nowej Rudzie byli: &#8211; El\u017cbieta Bisikiewicz, kierownik Referatu Turystyki i Promocji Urz\u0119du Miasta Nowa Ruda &#8211; Czes\u0142aw Dominas \u2013 cz\u0142onek Zarz\u0105du Ko\u0142a PTTK w K\u0142odzku, Przodownik Turystyki G\u00f3rskiej [&hellip;]<\/p>\n","protected":false},"author":141,"featured_media":0,"parent":0,"menu_order":0,"comment_status":"closed","ping_status":"closed","template":"","meta":{"ngg_post_thumbnail":0,"footnotes":""},"class_list":["post-237","page","type-page","status-publish","hentry"],"_links":{"self":[{"href":"https:\/\/kolo-nowaruda.klodzko.pttk.pl\/index.php\/wp-json\/wp\/v2\/pages\/237","targetHints":{"allow":["GET"]}}],"collection":[{"href":"https:\/\/kolo-nowaruda.klodzko.pttk.pl\/index.php\/wp-json\/wp\/v2\/pages"}],"about":[{"href":"https:\/\/kolo-nowaruda.klodzko.pttk.pl\/index.php\/wp-json\/wp\/v2\/types\/page"}],"author":[{"embeddable":true,"href":"https:\/\/kolo-nowaruda.klodzko.pttk.pl\/index.php\/wp-json\/wp\/v2\/users\/141"}],"replies":[{"embeddable":true,"href":"https:\/\/kolo-nowaruda.klodzko.pttk.pl\/index.php\/wp-json\/wp\/v2\/comments?post=237"}],"version-history":[{"count":1,"href":"https:\/\/kolo-nowaruda.klodzko.pttk.pl\/index.php\/wp-json\/wp\/v2\/pages\/237\/revisions"}],"predecessor-version":[{"id":238,"href":"https:\/\/kolo-nowaruda.klodzko.pttk.pl\/index.php\/wp-json\/wp\/v2\/pages\/237\/revisions\/238"}],"wp:attachment":[{"href":"https:\/\/kolo-nowaruda.klodzko.pttk.pl\/index.php\/wp-json\/wp\/v2\/media?parent=237"}],"curies":[{"name":"wp","href":"https:\/\/api.w.org\/{rel}","templated":true}]}}