{"id":240,"date":"2021-11-12T18:34:58","date_gmt":"2021-11-12T17:34:58","guid":{"rendered":"http:\/\/kolo-nowaruda.klodzko.n.pttk.pl\/?page_id=240"},"modified":"2022-02-06T23:13:24","modified_gmt":"2022-02-06T22:13:24","slug":"dokumenty-kola","status":"publish","type":"page","link":"https:\/\/kolo-nowaruda.klodzko.pttk.pl\/index.php\/dokumenty-kola\/","title":{"rendered":"Dokumenty Ko\u0142a"},"content":{"rendered":"\n<p>Zestaw dokument\u00f3w reguluj\u0105cych prac\u0119 Ko\u0142a i jego struktur:<\/p>\n\n\n\n<ol class=\"wp-block-list\"><li><a href=\"https:\/\/kolo-nowaruda.klodzko.pttk.pl\/regulamin-kola\/\" data-type=\"page\" data-id=\"247\">Regulamin Ko\u0142a<\/a><\/li><li><a href=\"https:\/\/kolo-nowaruda.klodzko.pttk.pl\/regulamin-imprez-kola\/\" data-type=\"page\" data-id=\"244\">Regulamin imprez Ko\u0142a<\/a><\/li><li><a href=\"https:\/\/kolo-nowaruda.klodzko.pttk.pl\/plan-pracy-na-rok-2022\/\" data-type=\"page\" data-id=\"2944\">Plan pracy na rok 2o22<\/a><\/li><li><a href=\"https:\/\/kolo-nowaruda.klodzko.pttk.pl\/sprawozdanie-z-dzialalnosci-kola-za-lata-2013-2016\/\" data-type=\"page\" data-id=\"237\">Sprawozdanie z dzia\u0142alno\u015bci za lata 2013-2016<\/a><\/li><\/ol>\n","protected":false},"excerpt":{"rendered":"<p>Zestaw dokument\u00f3w reguluj\u0105cych prac\u0119 Ko\u0142a i jego struktur: Regulamin Ko\u0142a Regulamin imprez Ko\u0142a Plan pracy na rok 2o22 Sprawozdanie z dzia\u0142alno\u015bci za lata 2013-2016<\/p>\n","protected":false},"author":141,"featured_media":0,"parent":0,"menu_order":0,"comment_status":"closed","ping_status":"closed","template":"","meta":{"ngg_post_thumbnail":0,"footnotes":""},"class_list":["post-240","page","type-page","status-publish","hentry"],"_links":{"self":[{"href":"https:\/\/kolo-nowaruda.klodzko.pttk.pl\/index.php\/wp-json\/wp\/v2\/pages\/240","targetHints":{"allow":["GET"]}}],"collection":[{"href":"https:\/\/kolo-nowaruda.klodzko.pttk.pl\/index.php\/wp-json\/wp\/v2\/pages"}],"about":[{"href":"https:\/\/kolo-nowaruda.klodzko.pttk.pl\/index.php\/wp-json\/wp\/v2\/types\/page"}],"author":[{"embeddable":true,"href":"https:\/\/kolo-nowaruda.klodzko.pttk.pl\/index.php\/wp-json\/wp\/v2\/users\/141"}],"replies":[{"embeddable":true,"href":"https:\/\/kolo-nowaruda.klodzko.pttk.pl\/index.php\/wp-json\/wp\/v2\/comments?post=240"}],"version-history":[{"count":2,"href":"https:\/\/kolo-nowaruda.klodzko.pttk.pl\/index.php\/wp-json\/wp\/v2\/pages\/240\/revisions"}],"predecessor-version":[{"id":3787,"href":"https:\/\/kolo-nowaruda.klodzko.pttk.pl\/index.php\/wp-json\/wp\/v2\/pages\/240\/revisions\/3787"}],"wp:attachment":[{"href":"https:\/\/kolo-nowaruda.klodzko.pttk.pl\/index.php\/wp-json\/wp\/v2\/media?parent=240"}],"curies":[{"name":"wp","href":"https:\/\/api.w.org\/{rel}","templated":true}]}}