{"id":244,"date":"2021-11-12T18:36:42","date_gmt":"2021-11-12T17:36:42","guid":{"rendered":"http:\/\/kolo-nowaruda.klodzko.n.pttk.pl\/?page_id=244"},"modified":"2021-11-12T18:36:42","modified_gmt":"2021-11-12T17:36:42","slug":"regulamin-imprez-kola","status":"publish","type":"page","link":"https:\/\/kolo-nowaruda.klodzko.pttk.pl\/index.php\/regulamin-imprez-kola\/","title":{"rendered":"Regulamin imprez ko\u0142a"},"content":{"rendered":"\n<p><strong>REGULAMIN<\/strong><\/p>\n\n\n\n<p><strong>uczestnictwa w wycieczkach organizowanych<\/strong><\/p>\n\n\n\n<p><strong>przez Oddzia\u0142 PTTK \u201eZiemi K\u0142odzkiej\u201d<\/strong> <strong>i jego K\u00f3\u0142 Terenowych<\/strong><\/p>\n\n\n\n<p>I. INFORMACJE OG\u00d3LNE<\/p>\n\n\n\n<p>1. Niniejszy Regulamin uczestnictwa dotyczy wszystkich wycieczek organizowanych przez Ko\u0142a i Klub Oddzia\u0142u PTTK \u201eZiemi K\u0142odzkiej\u201d w K\u0142odzku, zwanych dalej \u201eOrganizatorem\u201d.<\/p>\n\n\n\n<p>2. Wszyscy Uczestnicy wycieczek, zwani dalej \u201eUczestnikami\u201d, zobowi\u0105zani s\u0105 do przestrzegania niniejszego \u201eRegulaminu uczestnictwa\u201d.<\/p>\n\n\n\n<p>3. Organizator okre\u015bla rodzaj imprezy, jej termin, miejsce zbi\u00f3rki, wysoko\u015b\u0107 oraz tytu\u0142 ewentualnych op\u0142at, ramowy harmonogram przebiegu oraz wyznacza osob\u0119 prowadz\u0105c\u0105 imprez\u0119 i Kierownika imprezy. Kierownik i osoba prowadz\u0105ca stanowi\u0105 Kierownictwo Imprezy. Je\u017celi nie wskazano inaczej to osoba prowadz\u0105ca imprez\u0119 jest jednocze\u015bnie Kierownikiem imprezy.<\/p>\n\n\n\n<p>4. Osoba prowadz\u0105ca okre\u015bla: czas rozpocz\u0119cia imprezy, tras\u0119 oraz tempo w\u0119dr\u00f3wki, czas i miejsce na odpoczynek na trasie oraz czas i miejsce zako\u0144czenia imprezy.<\/p>\n\n\n\n<p>Il. ZAPISY NA WYCIECZK\u0118<\/p>\n\n\n\n<p>1. Zapisy na wycieczki prowadzi biuro Oddzia\u0142u PTTK \u201eZiemii K\u0142odzkiej\u201d w K\u0142odzku przy ul. Wita Stwosza 1, w godzinach urz\u0119dowania biura Oddzia\u0142u. Zapisu na wycieczk\u0119 mo\u017cna dokona\u0107 osobi\u015bcie, poprzez osoby trzecie lub telefonicznie. Warunkiem zapisu na wycieczk\u0119 jest wp\u0142ata pe\u0142nej kwoty uczestnictwa lub zaliczki w wysoko\u015bci podanej w og\u0142oszeniu.<\/p>\n\n\n\n<p>Wp\u0142aty mo\u017cna dokona\u0107 osobi\u015bcie lub przelewem na konto bankowe Oddzia\u0142u PTTK \u201eZiemi K\u0142odzkiej\u201d w K\u0142odzku podaj\u0105c na przelewie nazw\u0119 imprezy i nazwisko i imi\u0119 osoby, na kt\u00f3r\u0105 dokonano wp\u0142aty.<\/p>\n\n\n\n<p>2. Dokonanie op\u0142aty za wycieczk\u0119 jest potwierdzeniem przyj\u0119cia Regulaminu do wiadomo\u015bci i zobowi\u0105zaniem do jego przestrzegania.<\/p>\n\n\n\n<p>3. O kolejno\u015bci zapisu decyduje data wp\u0142aty nale\u017cno\u015bci za wycieczk\u0119.<\/p>\n\n\n\n<p>4. Pierwsze\u0144stwo zapisu maj\u0105 cz\u0142onkowie Oddzia\u0142u PTTK \u201eZiemi K\u0142odzkiej\u201d w K\u0142odzku, a w przypadku wycieczek organizowanych przez Ko\u0142o\/Klub \u2014 cz\u0142onkowie tego ko\u0142a\/klubu. Pierwsze\u0144stwo zapisu b\u0119dzie respektowane do 3 dni roboczych od dnia og\u0142oszenia zapis\u00f3w.<\/p>\n\n\n\n<p>5. Przy zapisie na wycieczk\u0119 osoby nie b\u0119d\u0105cej cz\u0142onkiem Oddzia\u0142u PTTK \u201eZiemi K\u0142odzkiej\u201d nale\u017cy poda\u0107 numer PESEL oraz pe\u0142ny adres zameldowania zapisywanej osoby. Dane te s\u0105 niezb\u0119dne do ubezpieczenia uczestnika.<\/p>\n\n\n\n<p>6. Ubezpieczenie od nast\u0119pstw nieszcz\u0119\u015bliwych wypadk\u00f3w nie obejmuje uszczerbk\u00f3w na zdrowiu powsta\u0142ych w wypadkach po spo\u017cyciu alkoholu oraz w innych przypadkach zawartych w Og\u00f3lnych Warunkach Ubezpieczenia.<\/p>\n\n\n\n<p>7. Kwota nadwy\u017cki pozosta\u0142a z rozliczenia wycieczki zostaje przekazana na dzia\u0142alno\u015b\u0107 statutow\u0105 Organizatora.<\/p>\n\n\n\n<p>II. REZYGNACJA Z UCZESTNICTWA W WYCIECZCE<\/p>\n\n\n\n<p>1. W przypadku rezygnacji z uczestnictwa w wycieczce, Uczestnik zobowi\u0105zany jest o tym poinformowa\u0107 Organizatora najp\u00f3\u017aniej na 3 dni przed wycieczk\u0105.<\/p>\n\n\n\n<p>2. Zg\u0142oszenie rezygnacji nale\u017cy dokona\u0107 osobi\u015bcie w Biurze Organizatora, w uzasadnionych przypadkach telefonicznie.<\/p>\n\n\n\n<p>3. W przypadku rezygnacji z uczestnictwa w wycieczce po podanej w og\u0142oszeniu dacie zapis\u00f3w, decyzj\u0119 o zwrocie wp\u0142aconych kwot ka\u017cdorazowo podejmuje Organizator, indywidualnie dla ka\u017cdej osoby. Organizator mo\u017ce pomniejszy\u0107 zwrot wp\u0142aconej kwoty, o poniesione przez niego w zwi\u0105zku z wycieczk\u0105 koszty.<\/p>\n\n\n\n<p>4. Osobom, kt\u00f3re nie wezm\u0105 udzia\u0142u w wycieczce a nie zg\u0142osi\u0142y tego faktu Organizatorowi odpowiednio wcze\u015bnie zwrot wp\u0142aconych kwot nie przys\u0142uguje!<\/p>\n\n\n\n<p>III. ZACHOWANIE NA WYCIECZCE<\/p>\n\n\n\n<p>1. Za realizacj\u0119 programu wycieczki odpowiedzialna jest osoba wyznaczona przez Organizatora.<\/p>\n\n\n\n<p>2. Ka\u017cdy uczestnik bierze udzia\u0142 w wycieczkach na w\u0142asne ryzyko i odpowiedzialno\u015b\u0107. Organizator nie bierze odpowiedzialno\u015bci za wypadki powsta\u0142e w czasie trwania wycieczki oraz za szkody wynik\u0142e w stosunku do uczestnik\u00f3w wycieczki i os\u00f3b trzecich.<\/p>\n\n\n\n<p>3. Zastrzegamy sobie prawo odmowy zapisu na wycieczki osobom, kt\u00f3re nie stosuj\u0105 si\u0119 do zalece\u0144 Organizatora.<\/p>\n\n\n\n<p>4. Uczestnik ma obowi\u0105zek przygotowania si\u0119 do udzia\u0142u w imprezie, ze szczeg\u00f3lnym uwzgl\u0119dnieniem odpowiedniej odzie\u017cy, sprz\u0119tu turystycznego, dokument\u00f3w potwierdzajacych to\u017csamo\u015b\u0107, dokument\u00f3w uprawniaj\u0105cych do ulg komunikacyjnych i handlowych oraz &#8211; w przypadku cz\u0142onk\u00f3w PTTK &#8211; wa\u017cnej legitymacji PTTK.<\/p>\n\n\n\n<p>5. Niepe\u0142noletni mog\u0105 bra\u0107 udzia\u0142 w wycieczkach tylko pod opiek\u0105 i na odpowiedzialno\u015b\u0107 os\u00f3b doros\u0142ych. Osoba bior\u0105ca czasowo odpowiedzialno\u015b\u0107 za niepe\u0142noletnich musi we w\u0142asnym zakresie zadba\u0107 o pisemn\u0105 zgod\u0119 rodzic\u00f3w lub prawnych opiekun\u00f3w na udzia\u0142 dzieci pod opiek\u0105 tej\u017ce osoby w danym dniu. Organizatorzy s\u0142u\u017c\u0105 pomoc\u0105, ale nie bior\u0105 odpowiedzialno\u015bci za \u017cadne zdarzenia i szkody wynik\u0142e podczas sprawowania tej opieki.<\/p>\n\n\n\n<p>6. W wycieczce uczestniczy\u0107 mog\u0105 wy\u0142\u0105cznie osoby znajduj\u0105ce si\u0119 na li\u015bcie, b\u0119d\u0105cej w posiadaniu Organizatora. Osoby nie znajduj\u0105ce si\u0119 na li\u015bcie nie b\u0119d\u0105 zabierane na wycieczk\u0119.<\/p>\n\n\n\n<p>7. Podczas wycieczki krajowej nale\u017cy mie\u0107 przy sobie dow\u00f3d osobisty lub inny dokument ze zdj\u0119ciem, a w przypadku wycieczek zagranicznych paszport lub dow\u00f3d osobisty oraz Kart\u0119 EKUZ.<\/p>\n\n\n\n<p>8. Organizator zastrzega sobie prawo do sprawdzenia to\u017csamo\u015bci uczestnika oraz do sprawdzenia aktualnej legitymacji PTTK.<\/p>\n\n\n\n<p>9. W przypadku, gdy uczestnik nie posiada lub nie chce okaza\u0107 dokumentu to\u017csamo\u015bci Organizator mo\u017ce odm\u00f3wi\u0107 takiej osobie prawo do udzia\u0142u w wycieczce, bez mo\u017cliwo\u015bci ubiegania si\u0119 o zwrot wp\u0142aconych kwot.<\/p>\n\n\n\n<p>10. Uczestnik zobowi\u0105zany jest do kulturalnego zachowania i nie prowokowania konflikt\u00f3w. Uczestnicy Imprezy szanuj\u0105 si\u0119 wzajemnie bez wzgl\u0119du na sw\u00f3j \u015bwiatopogl\u0105d.<\/p>\n\n\n\n<p>11. Zabrania si\u0119 samowolnego zmieniania trasy wycieczki oraz oddalania si\u0119 od grupy bez osobistego powiadomienia Kierownictwa.<\/p>\n\n\n\n<p>12. Uczestnik jest zobowi\u0105zany zg\u0142asza\u0107 Kierownictwu wszelkie problemy utrudniaj\u0105ce dalszy udzia\u0142 w imprezie.<\/p>\n\n\n\n<p>13. W trakcie jazdy, ze wzgl\u0119d\u00f3w bezpiecze\u0144stwa, zabronione jest chodzenie po autokarze i spo\u017cywanie gor\u0105cych napoj\u00f3w.<\/p>\n\n\n\n<p>14. W autokarze obowi\u0105zuje ca\u0142kowity zakaz spo\u017cywania napoj\u00f3w alkoholowych.<\/p>\n\n\n\n<p>15. Zastrzegamy sobie prawo do zmiany programu wycieczki z przyczyn od nas niezale\u017cnych, a maj\u0105cych wp\u0142yw na bezpiecze\u0144stwo uczestnik\u00f3w (np. za\u0142amanie pogody).<\/p>\n\n\n\n<p>16. Uczestnicy wycieczki zobowi\u0105zani s\u0105 do przestrzegania przepis\u00f3w miejscowych, granicznych, celnych, obowi\u0105zuj\u0105cych w parkach narodowych, krajobrazowych, rezerwatach przyrody oraz porz\u0105dkowych okre\u015blonych przez prowadz\u0105cego wycieczk\u0119.<\/p>\n\n\n\n<p>17. W trakcie trwania wycieczki nale\u017cy bezwzgl\u0119dnie podporz\u0105dkowywa\u0107 si\u0119 poleceniom Organizatora, przewodnika oraz kierowcy autokaru.<\/p>\n\n\n\n<p>IV. WYCIECZKI G\u00d3RSKIE<\/p>\n\n\n\n<p>1. Pami\u0119taj, \u017ce wycieczki g\u00f3rskie wymagaj\u0105 dobrej kondycji marszowej. Zg\u0142oszenie si\u0119 na wycieczk\u0119 jest potwierdzeniem dobrego stanu zdrowia uczestnika. W przypadku sta\u0142ego stosowania jakichkolwiek lek\u00f3w prosimy o ich zabranie ze sob\u0105.<\/p>\n\n\n\n<p>2. Przewodnik lub prowadz\u0105cy wycieczk\u0119 mo\u017ce nie dopu\u015bci\u0107 do udzia\u0142u w pieszej wycieczce g\u00f3rskiej uczestnika, kt\u00f3rego ekwipunek nie b\u0119dzie mu gwarantowa\u0142 bezpiecze\u0144stwa.<\/p>\n\n\n\n<p>3. Pe\u0142noletni uczestnik wycieczki mo\u017ce si\u0119 od\u0142\u0105czy\u0107 od grupy na w\u0142asne ryzyko, powiadamiaj\u0105c o tym kierownika wycieczki i ponosz\u0105c z tego tytu\u0142u wszelkie konsekwencje.<\/p>\n\n\n\n<p>V. UWAGI KO\u0143COWE<\/p>\n\n\n\n<p>1. Uczestnik wycieczki turystycznej wyra\u017ca zgod\u0119 na wykorzystanie jego wizerunku utrwalonego na zdj\u0119ciach wykonanych w czasie wycieczki do publikacji informacji na stronie internetowej Organizatora. W razie stwierdzenia, \u017ce kt\u00f3re\u015b ze zdj\u0119\u0107 zawiera tre\u015bci niepo\u017c\u0105dane, Uczestnik jest zobowi\u0105zany zg\u0142osi\u0107 takie zdj\u0119cie do usuni\u0119cia ze strony internetowej kontaktuj\u0105c si\u0119 z administratorem tej strony.<\/p>\n\n\n\n<p>2. Zdj\u0119cia publikowane na stronie internetowej Oddzia\u0142u PTTK \u201eZiemi K\u0142odzkiej\u201d w K\u0142odzku oraz K\u00f3\u0142 i Klubu PTTK s\u0105 ich w\u0142asno\u015bci\u0105, kt\u00f3re jako ich dysponenci w zakresie praw maj\u0105tkowych zezwalaj\u0105 na nieodp\u0142atn\u0105 publikacj\u0119 w periodykach, oraz wyra\u017caj\u0105 zgod\u0119 na ich utrwalanie i reprodukowanie (zwielokrotnienie) drukiem oraz rozpowszechnianie w wersji elektronicznej w Internecie.<\/p>\n\n\n\n<p>Wyra\u017cam zgod\u0119 na przetwarzanie moich danych osobowych dla potrzeb PTTK, zgodnie z Rozporz\u0105dzeniem Parlamentu Europejskiego i Rady (UE) 2016\/679 z dnia 27 kwietnia 2016 r. w sprawie ochrony os\u00f3b fizycznych w zwi\u0105zku z przetwarzaniem danych osobowych i w sprawie swobodnego przep\u0142ywu takich danych oraz uchylenia dyrektywy 95\/46\/WE (og\u00f3lne rozporz\u0105dzenie o ochronie danych) (Dz. U. ar 133, poz. 883 Dzienniku Urz\u0119dowym Unii Europejskiej L z 2016 r. nr 119,str. 1. ).<\/p>\n\n\n\n<p>4. Wszelkie w\u0105tpliwo\u015bci rozstrzyga i ostateczna interpretacja Warunk\u00f3w uczestnictwa nale\u017cy do Organizatora Oddzia\u0142u PTTK \u201eZiemii K\u0142odzkiej\u201d w K\u0142odzku.<\/p>\n\n\n\n<p>5. Powy\u017cszy \u201eRegulamin uczestnictwa\u201d zosta\u0142 zatwierdzony przez Zarz\u0105d Oddzia\u0142u PTTK \u201eZiemi K\u0142odzkiej\u201d w K\u0142odzku.<\/p>\n\n\n\n<p>\u017byczymy przyjemnego w\u0119drowania i dobrego humoru na trasie!<\/p>\n\n\n\n<p>ZARZ\u0104D ODDZIA\u0141U PTTK \u201eZIEMI K\u0141ODZKIEJ\u201d<\/p>\n","protected":false},"excerpt":{"rendered":"<p>REGULAMIN uczestnictwa w wycieczkach organizowanych przez Oddzia\u0142 PTTK \u201eZiemi K\u0142odzkiej\u201d i jego K\u00f3\u0142 Terenowych I. INFORMACJE OG\u00d3LNE 1. Niniejszy Regulamin uczestnictwa dotyczy wszystkich wycieczek organizowanych przez Ko\u0142a i Klub Oddzia\u0142u PTTK \u201eZiemi K\u0142odzkiej\u201d w K\u0142odzku, zwanych dalej \u201eOrganizatorem\u201d. 2. Wszyscy Uczestnicy wycieczek, zwani dalej \u201eUczestnikami\u201d, zobowi\u0105zani s\u0105 do przestrzegania niniejszego \u201eRegulaminu uczestnictwa\u201d. 3. Organizator okre\u015bla [&hellip;]<\/p>\n","protected":false},"author":141,"featured_media":0,"parent":0,"menu_order":0,"comment_status":"closed","ping_status":"closed","template":"","meta":{"ngg_post_thumbnail":0,"footnotes":""},"class_list":["post-244","page","type-page","status-publish","hentry"],"_links":{"self":[{"href":"https:\/\/kolo-nowaruda.klodzko.pttk.pl\/index.php\/wp-json\/wp\/v2\/pages\/244","targetHints":{"allow":["GET"]}}],"collection":[{"href":"https:\/\/kolo-nowaruda.klodzko.pttk.pl\/index.php\/wp-json\/wp\/v2\/pages"}],"about":[{"href":"https:\/\/kolo-nowaruda.klodzko.pttk.pl\/index.php\/wp-json\/wp\/v2\/types\/page"}],"author":[{"embeddable":true,"href":"https:\/\/kolo-nowaruda.klodzko.pttk.pl\/index.php\/wp-json\/wp\/v2\/users\/141"}],"replies":[{"embeddable":true,"href":"https:\/\/kolo-nowaruda.klodzko.pttk.pl\/index.php\/wp-json\/wp\/v2\/comments?post=244"}],"version-history":[{"count":1,"href":"https:\/\/kolo-nowaruda.klodzko.pttk.pl\/index.php\/wp-json\/wp\/v2\/pages\/244\/revisions"}],"predecessor-version":[{"id":245,"href":"https:\/\/kolo-nowaruda.klodzko.pttk.pl\/index.php\/wp-json\/wp\/v2\/pages\/244\/revisions\/245"}],"wp:attachment":[{"href":"https:\/\/kolo-nowaruda.klodzko.pttk.pl\/index.php\/wp-json\/wp\/v2\/media?parent=244"}],"curies":[{"name":"wp","href":"https:\/\/api.w.org\/{rel}","templated":true}]}}