{"id":247,"date":"2021-11-12T18:41:49","date_gmt":"2021-11-12T17:41:49","guid":{"rendered":"http:\/\/kolo-nowaruda.klodzko.n.pttk.pl\/?page_id=247"},"modified":"2021-11-12T18:41:49","modified_gmt":"2021-11-12T17:41:49","slug":"regulamin-kola","status":"publish","type":"page","link":"https:\/\/kolo-nowaruda.klodzko.pttk.pl\/index.php\/regulamin-kola\/","title":{"rendered":"Regulamin Ko\u0142a"},"content":{"rendered":"\n<p>Wed\u0142ug Za\u0142\u0105cznika do uchwa\u0142y ZG PTTK<\/p>\n\n\n\n<p>Nr 111\/XVI\/06 z dnia 1.09.2006 r.<\/p>\n\n\n\n<p><strong>REGULAMIN<\/strong><\/p>\n\n\n\n<p><strong>Ko\u0142a PTTK pn. \u201dGwark\u00f3w Noworudzkich\u201d<\/strong><\/p>\n\n\n\n<p><strong>w Nowej Rudzie<\/strong><\/p>\n\n\n\n<p><strong>Rozdzia\u0142 I<\/strong><\/p>\n\n\n\n<p><strong>Postanowienia og\u00f3lne<\/strong><\/p>\n\n\n\n<p>\u00a7 1<\/p>\n\n\n\n<p>Regulamin Ko\u0142a PTTK w Nowej Rudzie pn. \u201dGwark\u00f3w noworudzkich\u201d, opracowany zgodnie z Art. 77 ust. 1 Statutu PTTK okre\u015bla szczeg\u00f3\u0142owe kompetencje i zadania, zasady zwo\u0142ywania posiedze\u0144 oraz tryb pracy Zarz\u0105du Ko\u0142a PTTK.<\/p>\n\n\n\n<p><strong>Rozdzia\u0142 II<\/strong><\/p>\n\n\n\n<p><strong>Sk\u0142ad zarz\u0105du i tryb jego pracy<\/strong><\/p>\n\n\n\n<p>\u00a7 2<\/p>\n\n\n\n<p>1. W sk\u0142ad Zarz\u0105du wchodzi 5 cz\u0142onk\u00f3w wybranych przez Walne Zebranie Ko\u0142a.<\/p>\n\n\n\n<p>2. Zarz\u0105d w g\u0142osowaniu tajnym wybiera ze swego grona prezesa, wiceprezesa, sekretarza, skarbnika i jednego cz\u0142onka.<\/p>\n\n\n\n<p>3. Nie mo\u017cna \u0142\u0105czy\u0107 funkcji pe\u0142nionej w Zarz\u0105dzie z funkcjami w Komisji Rewizyjnej Ko\u0142a, je\u015bli Walne Zebranie Ko\u0142a podejmie uchwa\u0142\u0119 o wyborze Komisji Rewizyjnej.<\/p>\n\n\n\n<p>4. Kadencja Zarz\u0105du trwa cztery lata, chyba \u017ce uchwa\u0142\u0105 Walnego Zebrania Ko\u0142a kadencja zosta\u0142a skr\u00f3cona.<\/p>\n\n\n\n<p>5. Organem wewn\u0119trznym Zarz\u0105du mo\u017ce by\u0107 prezydium, w sk\u0142ad kt\u00f3rego wchodz\u0105: prezes, wiceprezes, sekretarz, skarbnik. Prezydium kieruje dzia\u0142alno\u015bci\u0105 w okresie mi\u0119dzy posiedzeniami Zarz\u0105du w zakresie ustalonym przez Zarz\u0105d Oddzia\u0142u, w tym m.in. zwo\u0142uje i przygotowuje posiedzenia Zarz\u0105du oraz przygotowuje materia\u0142y na te posiedzenia.<\/p>\n\n\n\n<p>6. Dla wykonania zada\u0144, o kt\u00f3rych mowa w Regulaminie, Zarz\u0105d dokonuje podzia\u0142u pracy w\u015br\u00f3d swoich cz\u0142onk\u00f3w. Ustala te\u017c terminarz dy\u017cur\u00f3w poszczeg\u00f3lnych cz\u0142onk\u00f3w w lokalu wykorzystywanym do bie\u017c\u0105cej dzia\u0142alno\u015bci Ko\u0142a.<\/p>\n\n\n\n<p>7. Zarz\u0105d Ko\u0142a ma prawo kooptowa\u0107 nowych cz\u0142onk\u00f3w na zwolnione w okresie kadencji miejsca. Liczba cz\u0142onk\u00f3w dokooptowanych nie mo\u017ce przekracza\u0107 1\/3 sk\u0142adu pochodz\u0105cego z wyboru.<\/p>\n\n\n\n<p>\u00a7 3<\/p>\n\n\n\n<p>1. Zarz\u0105d kieruje dzia\u0142alno\u015bci\u0105 Ko\u0142a w okresie pomi\u0119dzy Walnymi Zebraniami i odpowiada za swoj\u0105 dzia\u0142alno\u015b\u0107 przed Walnym Zebraniem Ko\u0142a oraz Zarz\u0105dem Oddzia\u0142u PTTK.<\/p>\n\n\n\n<p>2. <strong>Zarz\u0105d :<\/strong><\/p>\n\n\n\n<p>1.1 zwo\u0142uje Walne Zebrania Ko\u0142a .<\/p>\n\n\n\n<p>1.2 wykonuje uchwa\u0142y Walnego Zebrania Ko\u0142a , Zjazdu Oddzia\u0142u, Walnego Zjazdu PTTK, W\u0142adz Naczelnych PTTK i Zarz\u0105du Oddzia\u0142u oraz stwarza warunki dla ich wykonania przez cz\u0142onk\u00f3w Ko\u0142a ,<\/p>\n\n\n\n<p>1.3 uchwala roczny plan dzia\u0142ania oraz preliminarz bud\u017cetowy,<\/p>\n\n\n\n<p>1.4 ustala okresowe, tematyczne plany posiedze\u0144 Zarz\u0105du oraz zasady wsp\u00f3\u0142dzia\u0142ania z Komisja Rewizyjn\u0105, o ile taka zosta\u0142a wybrana przez Walne Zebranie Ko\u0142a ,<\/p>\n\n\n\n<p>1.5 sk\u0142ada sprawozdania ze swej dzia\u0142alno\u015bci Zarz\u0105dowi Oddzia\u0142u oraz na Walnym Zebraniu Ko\u0142a ; przyjmuje roczne sprawozdania z wykonania bud\u017cetu, zatwierdza roczne sprawozdania finansowe <\/p>\n\n\n\n<p>1.6 zarz\u0105dza maj\u0105tkiem w\u0142asnym i powierzonym oraz funduszami Ko\u0142a w granicach preliminarza bud\u017cetowego, zgodnie z zasadami ustalonymi przez Zarz\u0105d Oddzia\u0142u w ramach obowi\u0105zuj\u0105cych przepis\u00f3w prawa oraz obowi\u0105zuj\u0105cych w PTTK przepis\u00f3w finansowych,<\/p>\n\n\n\n<p>1.7 organizuje i u\u0142atwia uprawianie turystyki i krajoznawstwa we wszystkich ich formach; powo\u0142uje sekcje\/zespo\u0142y specjalistyczne dla realizacji tych form,<\/p>\n\n\n\n<p>1.8 utrzymuje wi\u0119zi z cz\u0142onkami zwyczajnymi PTTK zrzeszonymi w Kole,<\/p>\n\n\n\n<p>1.9 organizuje podstawowe kszta\u0142cenie cz\u0142onk\u00f3w w zakresie wiedzy i umiej\u0119tno\u015bci turystycznych i krajoznawczych,<\/p>\n\n\n\n<p>1.10 informuje cz\u0142onk\u00f3w o swojej dzia\u0142alno\u015bci, dzia\u0142alno\u015bci macierzystego Oddzia\u0142u PTTK oraz Towarzystwa jako ca\u0142o\u015bci,<\/p>\n\n\n\n<p>1.11 wsp\u00f3\u0142pracuje z kadr\u0105 programow\u0105 zrzeszon\u0105 w Kole przy realizacji cel\u00f3w i zada\u0144 Ko\u0142a oraz z kadr\u0105 z innych k\u00f3\u0142 i klub\u00f3w Oddzia\u0142u,<\/p>\n\n\n\n<p>1.12 wsp\u00f3\u0142pracuje z Zarz\u0105dami innych k\u00f3\u0142 \u2013 klub\u00f3w Oddzia\u0142u,<\/p>\n\n\n\n<p>1.13 wyst\u0119puje za po\u015brednictwem Zarz\u0105du Oddzia\u0142u do ZG PTTK o wyr\u00f3\u017cnienia dla<\/p>\n\n\n\n<p>wybitnych dzia\u0142aczy Ko\u0142a PTTK w ramach obowi\u0105zuj\u0105cego &#8222;Systemu wyr\u00f3\u017cnie\u0144 cz\u0142onk\u00f3w i jednostek PTTK&#8221;;<\/p>\n\n\n\n<p>1.14 wnioskuje do Zarz\u0105du Oddzia\u0142u o skre\u015blenie z ewidencji cz\u0142onk\u00f3w, osoby<\/p>\n\n\n\n<p>zalegaj\u0105ce z op\u0142acaniem sk\u0142adki cz\u0142onkowskiej za okres d\u0142u\u017cszy ni\u017c 12 miesi\u0119cy,<\/p>\n\n\n\n<p>1.15 prowadzi dokumentacj\u0119 pracy Ko\u0142a ,<\/p>\n\n\n\n<p>1.16 prowadzi dokumentacj\u0119 finansow\u0105 Ko\u0142a zgodnie z zasadami ustalonymi przez Zarz\u0105d Oddzia\u0142u w ramach obowi\u0105zuj\u0105cych przepis\u00f3w prawa oraz obowi\u0105zuj\u0105cych w PTTK przepis\u00f3w finansowych,<\/p>\n\n\n\n<p>1.17 wnioskuje do Zarz\u0105du Oddzia\u0142u o nadanie Ko\u0142u nazwy lub imienia patrona oraz o wyra\u017cenie zgody na uczestnictwo ko\u0142a w pracach innych stowarzysze\u0144 o pokrewnych celach i dzia\u0142alno\u015bci,<\/p>\n\n\n\n<p>1.18 podejmuje inne dzia\u0142ania dla realizacji cel\u00f3w statutowych PTTK, w tym zlecone<\/p>\n\n\n\n<p>przez Zarz\u0105d Oddzia\u0142u,<\/p>\n\n\n\n<p>2. Prezes zaznajamia Zarz\u0105d z wyst\u0105pieniami Komisji Rewizyjnej Ko\u0142a oraz Komisji Rewizyjnej Oddzia\u0142u na najbli\u017cszym posiedzeniu, ustosunkowuj\u0105c si\u0119 do nich nie p\u00f3\u017aniej ni\u017c na kolejnym posiedzeniu.<\/p>\n\n\n\n<p>\u00a7 4<\/p>\n\n\n\n<p>Zarz\u0105d Ko\u0142a , z upowa\u017cnienia Walnego Zebrania mo\u017ce uchwala\u0107, niezale\u017cnie od sk\u0142adki cz\u0142onkowskiej PTTK, wysoko\u015b\u0107 dodatkowych sk\u0142adek, kt\u00f3re przeznaczane s\u0105 w ca\u0142o\u015bci na dzia\u0142alno\u015b\u0107 Ko\u0142a .<\/p>\n\n\n\n<p>\u00a7 5<\/p>\n\n\n\n<p>1. Prezydium kieruje dzia\u0142alno\u015bci\u0105 w okresie mi\u0119dzy posiedzeniami zarz\u0105du w zakresie ustalonym przez zarz\u0105d.<\/p>\n\n\n\n<p>2. Do zada\u0144 prezydium nale\u017cy :<\/p>\n\n\n\n<p>2.1 zwo\u0142ywanie i przygotowywanie posiedze\u0144 Zarz\u0105du,<\/p>\n\n\n\n<p>2.2 przygotowywanie materia\u0142\u00f3w i dokument\u00f3w na posiedzenia Zarz\u0105du.<\/p>\n\n\n\n<p>\u00a7 6<\/p>\n\n\n\n<p>Zarz\u0105d realizuje swoje zadania przez :<\/p>\n\n\n\n<p>1. posiedzenia Zarz\u0105du i prezydium,<\/p>\n\n\n\n<p>2. dzia\u0142alno\u015b\u0107 cz\u0142onk\u00f3w Zarz\u0105du w okresie mi\u0119dzy posiedzeniami,<\/p>\n\n\n\n<p>3. sekcje\/zespo\u0142y jako fachowe organy Zarz\u0105du.<\/p>\n\n\n\n<p>\u00a7 7<\/p>\n\n\n\n<p>1. Posiedzenia Zarz\u0105du odbywaj\u0105 si\u0119 w miar\u0119 potrzeby, nie rzadziej jednak ni\u017c cztery razy w roku. W Ko\u0142ach, gdzie dzia\u0142a prezydium, posiedzenia Zarz\u0105du zwo\u0142uje prezydium, a posiedzenia prezydium \u2013 prezes Zarz\u0105du lub inny upowa\u017cniony przez niego cz\u0142onek prezydium,<\/p>\n\n\n\n<p>2. Uchwa\u0142y i decyzje Zarz\u0105du zapadaj\u0105 zwyk\u0142\u0105 wi\u0119kszo\u015bci\u0105 g\u0142os\u00f3w, przy udziale co<\/p>\n\n\n\n<p>najmniej po\u0142owy og\u00f3lnej liczby uprawnionych do g\u0142osowania. W razie r\u00f3wno\u015bci g\u0142os\u00f3w rozstrzyga g\u0142os przewodnicz\u0105cego posiedzenia Zarz\u0105du<\/p>\n\n\n\n<p>3. G\u0142osowania s\u0105 jawne. G\u0142osowanie tajne mo\u017ce by\u0107 zarz\u0105dzone na wniosek ka\u017cdego cz\u0142onka Zarz\u0105du.<\/p>\n\n\n\n<p>4. Posiedzenia Zarz\u0105du s\u0105 protoko\u0142owane a podejmowane uchwa\u0142y podpisywane i ewidencjonowane. Protoko\u0142y z posiedze\u0144 i podejmowane uchwa\u0142y powinny by\u0107 numerowane.<\/p>\n\n\n\n<p>\u00a7 8<\/p>\n\n\n\n<p>Udzia\u0142 w posiedzeniach i pracach Zarz\u0105du oraz realizacja przyj\u0119tych przez Zarz\u0105d zada\u0144 jest statutowym obowi\u0105zkiem jego cz\u0142onk\u00f3w.<\/p>\n\n\n\n<p><strong>Rozdzia\u0142 III<\/strong><\/p>\n\n\n\n<p><strong>Podzia\u0142 zada\u0144 pomi\u0119dzy cz\u0142onk\u00f3w Zarz\u0105du<\/strong><\/p>\n\n\n\n<p>\u00a7 9<\/p>\n\n\n\n<p>Do najwa\u017cniejszych zada\u0144 cz\u0142onk\u00f3w Zarz\u0105du nale\u017cy:<\/p>\n\n\n\n<p>1. <strong>prezesa<\/strong>:<\/p>\n\n\n\n<p>1.1 reprezentowanie Ko\u0142a wobec Komisji Rewizyjnej Ko\u0142a , w\u0142adz PTTK i na zewn\u0105trz,<\/p>\n\n\n\n<p>1.2 kierowanie dzia\u0142alno\u015bci\u0105 Zarz\u0105du Ko\u0142a ; czuwanie nad prawid\u0142ow\u0105 realizacj\u0105 podejmowanych zada\u0144 i uchwa\u0142,<\/p>\n\n\n\n<p>1.3 ustalanie podzia\u0142u zada\u0144 w\u015br\u00f3d cz\u0142onk\u00f3w Zarz\u0105du Ko\u0142a ze szczeg\u00f3lnym<\/p>\n\n\n\n<p>uwzgl\u0119dnieniem utrzymania wi\u0119zi mi\u0119dzy organizacyjnej i z cz\u0142onkami zrzeszonymi<\/p>\n\n\n\n<p>w Kole ,<\/p>\n\n\n\n<p>1.4 zwo\u0142ywanie i przewodzenie posiedzeniom Zarz\u0105du i jego prezydium, ustalanie tematyki posiedze\u0144 i termin\u00f3w ich odbywania,<\/p>\n\n\n\n<p>1.5 podejmowanie decyzji w sprawach nie zastrze\u017conych do kompetencji Zarz\u0105du,<\/p>\n\n\n\n<p>1.6 podpisywanie uchwa\u0142 Zarz\u0105du Ko\u0142a ,<\/p>\n\n\n\n<p>1.7 zaznajamianie Zarz\u0105du z wyst\u0105pieniami Komisji Rewizyjnej Ko\u0142a oraz Komisji Rewizyjnej Oddzia\u0142u na najbli\u017cszym posiedzeniu i ustosunkowywanie si\u0119 do nich nie p\u00f3\u017aniej ni\u017c na kolejnym posiedzeniu<\/p>\n\n\n\n<p>2. <strong>wiceprezesa<\/strong> (wiceprezes\u00f3w):<\/p>\n\n\n\n<p>2.1. zast\u0119powanie prezesa w czasie jego nieobecno\u015bci w zakresie udzielonych pe\u0142nomocnictw,<\/p>\n\n\n\n<p>2.2. kierowanie okre\u015blonymi dziedzinami dzia\u0142alno\u015bci, powierzonymi przez Zarz\u0105d (np. organizacja imprez turystyki kwalifikowanej; sprawy dotycz\u0105ce krajoznawstwa; sprawami organizacyjnymi i cz\u0142onkowskimi; organizacj\u0105 szkolenia podstawowego cz\u0142onk\u00f3w, przep\u0142ywem informacji itp.),<\/p>\n\n\n\n<p>2.3. przygotowywanie materia\u0142\u00f3w na posiedzenie Zarz\u0105du i prezydium w dziedzinach powierzonych przez Zarz\u0105d,<\/p>\n\n\n\n<p>2.4. reprezentowanie Ko\u0142a wobec w\u0142adz PTTK oraz na zewn\u0105trz w zakresie udzielonych pe\u0142nomocnictw.<\/p>\n\n\n\n<p>3. <strong>skarbnika<\/strong>:<\/p>\n\n\n\n<p>3.1. nadz\u00f3r nad ca\u0142okszta\u0142tem dzia\u0142alno\u015bci finansowej i maj\u0105tkiem zarz\u0105dzanym<\/p>\n\n\n\n<p>i powierzonym ,<\/p>\n\n\n\n<p>3.2. reprezentowanie Ko\u0142a w sprawach finansowych wobec w\u0142adz PTTK oraz na zewn\u0105trz w zakresie udzielonych pe\u0142nomocnictw,<\/p>\n\n\n\n<p>3.3. opracowywanie preliminarzy bud\u017cetowych Ko\u0142a oraz sprawozda\u0144 z ich wykonania,<\/p>\n\n\n\n<p>3.4. podpisywanie uchwa\u0142 Zarz\u0105du i jego Prezydium w sprawach finansowych i maj\u0105tkowych,<\/p>\n\n\n\n<p>3.5. zbieranie sk\u0142adek cz\u0142onkowskich i rozliczanie ich z Zarz\u0105dem Oddzia\u0142u;<\/p>\n\n\n\n<p>3.6. prowadzenie ewidencji wp\u0142at i wyp\u0142at kasowych i bankowych,<\/p>\n\n\n\n<p>3.7. regulowanie wszelkich rachunk\u00f3w, zgodnie z uchwa\u0142ami Zarz\u0105du i zatwierdzonym preliminarzem,<\/p>\n\n\n\n<p>3.8. podpisywanie wraz z prezesem pism dotycz\u0105cych spraw finansowych,<\/p>\n\n\n\n<p>3.9. nadzorowanie zabezpieczenia maj\u0105tku, kt\u00f3rym zarz\u0105dza i z kt\u00f3rego korzysta Ko\u0142o oraz maj\u0105tku obcego powierzonego Ko\u0142u.<\/p>\n\n\n\n<p>3.10 Z uwagi na posiadanie siedziby noworudzkiego Ko\u0142a PTTK w Punkcie Informacji Turystycznej w Nowej Rudzie wszelkie p\u0142atno\u015bci zwi\u0105zane ze statutow\u0105 dzia\u0142alno\u015bci\u0105 Ko\u0142a mog\u0105 by\u0107 regulowane w siedzibie Ko\u0142a.<\/p>\n\n\n\n<p>4. <strong>sekretarza<\/strong>:<\/p>\n\n\n\n<p>4.1.reprezentowanie Ko\u0142a wobec w\u0142adz PTTK oraz na zewn\u0105trz w zakresie udzielonych pe\u0142nomocnictw,<\/p>\n\n\n\n<p>4.2.przygotowywanie posiedze\u0144 Zarz\u0105du; wsp\u00f3\u0142dzia\u0142anie w tym zakresie z prezesem i pozosta\u0142ymi cz\u0142onkami Zarz\u0105du,<\/p>\n\n\n\n<p>4.3.protoko\u0142owanie posiedze\u0144 Zarz\u0105du; ewidencjonowanie podejmowanych uchwa\u0142; nadzorowanie przy wsp\u00f3\u0142udziale Prezesa ich realizacji,<\/p>\n\n\n\n<p>4.4.przegl\u0105danie korespondencji przychodz\u0105cej i wychodz\u0105cej; podpisywanie wraz z prezesem lub wiceprezesem korespondencji wychodz\u0105cej,<\/p>\n\n\n\n<p>4.5.prowadzenie ewidencji cz\u0142onk\u00f3w zwyczajnych PTTK Ko\u0142a i jej aktualizowanie;<\/p>\n\n\n\n<p>4.6.prowadzenie korespondencji z cz\u0142onkami Ko\u0142a PTTK,<\/p>\n\n\n\n<p>4.7.prowadzenie dokumentacji dzia\u0142alno\u015bci Ko\u0142a ,<\/p>\n\n\n\n<p>4.8.prowadzenie sprawozdawczo\u015bci Ko\u0142a , terminowe jej przekazywanie do Zarz\u0105du Oddzia\u0142u.<\/p>\n\n\n\n<p>\u00a7 10<\/p>\n\n\n\n<ol class=\"wp-block-list\"><li>Szkolne Ko\u0142o \u2013 Klub Krajoznawczo \u2013 Turystyczny niezale\u017cnie od statutowych w\u0142adz Ko\u0142a ma swego opiekuna, kt\u00f3rym mo\u017ce by\u0107 nauczyciel danej szko\u0142y lub inny cz\u0142onek kadry programowej PTTK uzgodniony z Zarz\u0105dem Oddzia\u0142u i dyrekcj\u0105 plac\u00f3wki.<\/li><li>Zadaniem opiekuna jest udzielanie Szkolnemu Ko\u0142u \u2013 Klubowi pomocy w dzia\u0142alno\u015bci oraz reprezentowanie go przed rad\u0105 pedagogiczn\u0105, zespo\u0142em wychowawc\u00f3w, dyrektorem szko\u0142y jak r\u00f3wnie\u017c pomoc w realizacji zada\u0144 Ko\u0142a i reprezentowanie tej jednostki wobec Zarz\u0105du Oddzia\u0142u PTTK i innych W\u0142adz PTTK.<\/li><\/ol>\n\n\n\n<p>\u00a7 11<\/p>\n\n\n\n<p>Cz\u0142onek Zarz\u0105du ma obowi\u0105zek sumiennie wywi\u0105zywa\u0107 si\u0119 z przyj\u0119tych na siebie zada\u0144.<\/p>\n\n\n\n<p>\u00a712<\/p>\n\n\n\n<p>Uchwa\u0142y Zarz\u0105du mog\u0105 by\u0107 uchylone lub ich wykonanie zawieszone przez Zarz\u0105d Oddzia\u0142u w przypadku gdy s\u0105 sprzeczne z prawem, Statutem PTTK, Statutem Oddzia\u0142u oraz uchwa\u0142ami W\u0142adz Naczelnych PTTK i W\u0142adz Oddzia\u0142u.<\/p>\n\n\n\n<p>\u00a7 13<\/p>\n\n\n\n<p>1. Zarz\u0105d mo\u017ce by\u0107 zawieszony przez Zarz\u0105d Oddzia\u0142u w przypadku:<\/p>\n\n\n\n<p>1.1 zaniechania dzia\u0142alno\u015bci,<\/p>\n\n\n\n<p>1.2 ra\u017c\u0105cego lub uporczywego naruszania obowi\u0105zk\u00f3w wynikaj\u0105cych ze Statutu PTTK, Statutu Oddzia\u0142u oraz uchwa\u0142 W\u0142adz PTTK i w\u0142adz Oddzia\u0142u,<\/p>\n\n\n\n<p>1.3 naruszenia podstawowych zasad gospodarki maj\u0105tkiem w\u0142asnym lub powierzonym,<\/p>\n\n\n\n<p>1.4 dzia\u0142ania na szkod\u0119 PTTK.<\/p>\n\n\n\n<p>2. Uchwa\u0142a Zarz\u0105du Oddzia\u0142u o zawieszeniu Zarz\u0105du Ko\u0142a mo\u017ce by\u0107 podj\u0119ta po wys\u0142uchaniu wyja\u015bnie\u0144 Zarz\u0105du i Komisji Rewizyjnej Ko\u0142a , je\u015bli taka zosta\u0142a wybrana, chyba \u017ce nie z\u0142o\u017cy\u0142y one wyja\u015bnie\u0144 w wyznaczonym terminie.<\/p>\n\n\n\n<p>3. Podejmuj\u0105c uchwa\u0142\u0119 o zawieszeniu Zarz\u0105du Ko\u0142a , Zarz\u0105d Oddzia\u0142u powo\u0142uje Tymczasowy Zarz\u0105d Ko\u0142a , kt\u00f3rego zadaniem jest usuni\u0119cie przyczyn, kt\u00f3re spowodowa\u0142y zawieszenie oraz zwo\u0142anie w terminie trzech miesi\u0119cy od daty powo\u0142ania Walnego Zebrania Ko\u0142a , celem wyboru nowego Zarz\u0105du.<\/p>\n\n\n\n<p><strong>Rozdzia\u0142 IV<\/strong><\/p>\n\n\n\n<p><strong>Symbole i piecz\u0119cie<\/strong><\/p>\n\n\n\n<p>\u00a7 14<\/p>\n\n\n\n<p>1. Zarz\u0105d w dzia\u0142alno\u015bci Ko\u0142a u\u017cywa odznaki organizacyjnej Polskiego Towarzystwa Turystyczno-Krajoznawczego, kt\u00f3rej opis i wz\u00f3r okre\u015blony zosta\u0142 w art. 5 pkt. 1 Statutu PTTK.<\/p>\n\n\n\n<p>2. Ko\u0142o za po\u015brednictwem Zarz\u0105du mo\u017ce u\u017cywa\u0107 piecz\u0105tki firmowej pod\u0142u\u017cnej tzw. nag\u0142\u00f3wkowej w kszta\u0142cie prostok\u0105ta o nast\u0119puj\u0105cej tre\u015bci:<\/p>\n\n\n\n<p>Polskie Towarzystwo Turystyczno-Krajoznawcze<\/p>\n\n\n\n<p>Oddzia\u0142 w K\u0142odzku<\/p>\n\n\n\n<p>Ko\u0142o pn. \u201eGwark\u00f3w Noworudzkich\u201d w Nowej Rudzie<\/p>\n\n\n\n<p>57-400 Nowa Ruda, Rynek 2, tel. 74 872 0308<\/p>\n\n\n\n<ol class=\"wp-block-list\" start=\"3\"><li>Zarz\u0105d mo\u017ce u\u017cywa\u0107, zgodnie z obowi\u0105zuj\u0105cymi przepisami innych niezb\u0119dnych do dzia\u0142alno\u015bci piecz\u0119ci oraz druk\u00f3w wg wzor\u00f3w zatwierdzonych przez Zarz\u0105d Oddzia\u0142u PTTK na wniosek Zarz\u0105du Ko\u0142a.<\/li><li>Zarz\u0105d ko\u0142a wy\u0142oni w drodze og\u0142oszonego konkursu logo ko\u0142a.<\/li><\/ol>\n\n\n\n<p><strong>Rozdzia\u0142 V<\/strong><\/p>\n\n\n\n<p><strong>Postanowienia ko\u0144cowe<\/strong><\/p>\n\n\n\n<p>\u00a7 15<\/p>\n\n\n\n<p>1. Niniejszy Regulamin Ko\u0142a PTTK pn. \u201eGwark\u00f3w Noworudzkich\u201d w Nowej Rudzie uchwalony zosta\u0142 przez Zarz\u0105d niniejszego Ko\u0142a PTTK w drodze uchwa\u0142y nr 01\/2013 z dnia 08 lutego 2013r. w oparciu o Wzorcowy Regulamin Ko\u0142a uchwalony przez ZG PTTK uchwa\u0142\u0105 Nr 83\/XV\/2002 z dnia 15 grudnia 2002r. i wchodzi w \u017cycie z dniem uchwalenia.<\/p>\n\n\n\n<p>2. Interpretacja postanowie\u0144 Regulaminu Zarz\u0105du Ko\u0142a nale\u017cy do Zarz\u0105du Oddzia\u0142u PTTK.<\/p>\n","protected":false},"excerpt":{"rendered":"<p>Wed\u0142ug Za\u0142\u0105cznika do uchwa\u0142y ZG PTTK Nr 111\/XVI\/06 z dnia 1.09.2006 r. REGULAMIN Ko\u0142a PTTK pn. \u201dGwark\u00f3w Noworudzkich\u201d w Nowej Rudzie Rozdzia\u0142 I Postanowienia og\u00f3lne \u00a7 1 Regulamin Ko\u0142a PTTK w Nowej Rudzie pn. \u201dGwark\u00f3w noworudzkich\u201d, opracowany zgodnie z Art. 77 ust. 1 Statutu PTTK okre\u015bla szczeg\u00f3\u0142owe kompetencje i zadania, zasady zwo\u0142ywania posiedze\u0144 oraz tryb [&hellip;]<\/p>\n","protected":false},"author":141,"featured_media":0,"parent":0,"menu_order":0,"comment_status":"closed","ping_status":"closed","template":"","meta":{"ngg_post_thumbnail":0,"footnotes":""},"class_list":["post-247","page","type-page","status-publish","hentry"],"_links":{"self":[{"href":"https:\/\/kolo-nowaruda.klodzko.pttk.pl\/index.php\/wp-json\/wp\/v2\/pages\/247","targetHints":{"allow":["GET"]}}],"collection":[{"href":"https:\/\/kolo-nowaruda.klodzko.pttk.pl\/index.php\/wp-json\/wp\/v2\/pages"}],"about":[{"href":"https:\/\/kolo-nowaruda.klodzko.pttk.pl\/index.php\/wp-json\/wp\/v2\/types\/page"}],"author":[{"embeddable":true,"href":"https:\/\/kolo-nowaruda.klodzko.pttk.pl\/index.php\/wp-json\/wp\/v2\/users\/141"}],"replies":[{"embeddable":true,"href":"https:\/\/kolo-nowaruda.klodzko.pttk.pl\/index.php\/wp-json\/wp\/v2\/comments?post=247"}],"version-history":[{"count":1,"href":"https:\/\/kolo-nowaruda.klodzko.pttk.pl\/index.php\/wp-json\/wp\/v2\/pages\/247\/revisions"}],"predecessor-version":[{"id":248,"href":"https:\/\/kolo-nowaruda.klodzko.pttk.pl\/index.php\/wp-json\/wp\/v2\/pages\/247\/revisions\/248"}],"wp:attachment":[{"href":"https:\/\/kolo-nowaruda.klodzko.pttk.pl\/index.php\/wp-json\/wp\/v2\/media?parent=247"}],"curies":[{"name":"wp","href":"https:\/\/api.w.org\/{rel}","templated":true}]}}