{"id":33,"date":"2021-11-11T21:47:25","date_gmt":"2021-11-11T20:47:25","guid":{"rendered":"http:\/\/kolo-nowaruda.klodzko.n.pttk.pl\/?page_id=33"},"modified":"2025-12-15T17:24:40","modified_gmt":"2025-12-15T16:24:40","slug":"wladze-kola","status":"publish","type":"page","link":"https:\/\/kolo-nowaruda.klodzko.pttk.pl\/index.php\/wladze-kola\/","title":{"rendered":"W\u0142adze Ko\u0142a"},"content":{"rendered":"\n<p><strong>Zarz\u0105d Ko\u0142a PTTK im. \u201dGwark\u00f3w Noworudzkich\u201dw Nowej Rudzie<\/strong><\/p>\n\n\n\n<p>Wy\u0142oniony w dniu 14 grudnia 2025 r. na Walnym Zebraniu sprawozdawczo-wyborczym Ko\u0142a<\/p>\n\n\n\n<p><\/p>\n\n\n\n<p><strong>Prezes Zarz\u0105du:<\/strong>&nbsp;Jaros\u0142aw Zychowicz<\/p>\n\n\n\n<p><strong>Wiceprezes Zarz\u0105du<\/strong>: El\u017cbieta Bisikiewicz<\/p>\n\n\n\n<p><strong>Sekretarz:<\/strong> Witold Telus<\/p>\n\n\n\n<p><strong>Skarbnik Zarz\u0105du:<\/strong>&nbsp;Edward Soja<\/p>\n\n\n\n<p><strong>Cz\u0142onek Zarz\u0105du:<\/strong>&nbsp;Andrzej Wi\u015bniewski<\/p>\n\n\n\n<p><\/p>\n\n\n\n<p><strong>Komisja Rewizyjna Ko\u0142a:<\/strong><\/p>\n\n\n\n<p>Renata Le\u015bniarek<\/p>\n\n\n\n<p>J\u00f3zef Sobstyl<\/p>\n\n\n\n<p>Kazimierz Czy\u017cewski<\/p>\n","protected":false},"excerpt":{"rendered":"<p>Zarz\u0105d Ko\u0142a PTTK im. \u201dGwark\u00f3w Noworudzkich\u201dw Nowej Rudzie Wy\u0142oniony w dniu 14 grudnia 2025 r. na Walnym Zebraniu sprawozdawczo-wyborczym Ko\u0142a Prezes Zarz\u0105du:&nbsp;Jaros\u0142aw Zychowicz Wiceprezes Zarz\u0105du: El\u017cbieta Bisikiewicz Sekretarz: Witold Telus Skarbnik Zarz\u0105du:&nbsp;Edward Soja Cz\u0142onek Zarz\u0105du:&nbsp;Andrzej Wi\u015bniewski Komisja Rewizyjna Ko\u0142a: Renata Le\u015bniarek J\u00f3zef Sobstyl Kazimierz Czy\u017cewski<\/p>\n","protected":false},"author":141,"featured_media":0,"parent":0,"menu_order":0,"comment_status":"closed","ping_status":"closed","template":"","meta":{"ngg_post_thumbnail":0,"footnotes":""},"class_list":["post-33","page","type-page","status-publish","hentry"],"_links":{"self":[{"href":"https:\/\/kolo-nowaruda.klodzko.pttk.pl\/index.php\/wp-json\/wp\/v2\/pages\/33","targetHints":{"allow":["GET"]}}],"collection":[{"href":"https:\/\/kolo-nowaruda.klodzko.pttk.pl\/index.php\/wp-json\/wp\/v2\/pages"}],"about":[{"href":"https:\/\/kolo-nowaruda.klodzko.pttk.pl\/index.php\/wp-json\/wp\/v2\/types\/page"}],"author":[{"embeddable":true,"href":"https:\/\/kolo-nowaruda.klodzko.pttk.pl\/index.php\/wp-json\/wp\/v2\/users\/141"}],"replies":[{"embeddable":true,"href":"https:\/\/kolo-nowaruda.klodzko.pttk.pl\/index.php\/wp-json\/wp\/v2\/comments?post=33"}],"version-history":[{"count":7,"href":"https:\/\/kolo-nowaruda.klodzko.pttk.pl\/index.php\/wp-json\/wp\/v2\/pages\/33\/revisions"}],"predecessor-version":[{"id":14248,"href":"https:\/\/kolo-nowaruda.klodzko.pttk.pl\/index.php\/wp-json\/wp\/v2\/pages\/33\/revisions\/14248"}],"wp:attachment":[{"href":"https:\/\/kolo-nowaruda.klodzko.pttk.pl\/index.php\/wp-json\/wp\/v2\/media?parent=33"}],"curies":[{"name":"wp","href":"https:\/\/api.w.org\/{rel}","templated":true}]}}