{"id":4103,"date":"2022-04-24T20:24:43","date_gmt":"2022-04-24T18:24:43","guid":{"rendered":"http:\/\/kolo-nowaruda.klodzko.pttk.pl\/?page_id=4103"},"modified":"2022-04-24T20:24:43","modified_gmt":"2022-04-24T18:24:43","slug":"sprawozdanie-z-dzialalnosci-kola-za-lata-2016-2022","status":"publish","type":"page","link":"https:\/\/kolo-nowaruda.klodzko.pttk.pl\/index.php\/sprawozdanie-z-dzialalnosci-kola-za-lata-2016-2022\/","title":{"rendered":"Sprawozdanie z dzia\u0142alno\u015bci Ko\u0142a za lata 2016-2022"},"content":{"rendered":"\n<p>Sprawozdanie z dzia\u0142alno\u015bci Zarz\u0105du Ko\u0142a PTTK im. \u201cGwark\u00f3w Noworudzkich\u201d w Nowej Rudzie za okres II kadencji w\u0142adz, 28.10.2016r. &#8211; 24.04.2022r.<\/p>\n\n\n\n<p>Decyzj\u0105 Walnego Zebrania 28.10.2016r. w sk\u0142ad Zarz\u0105du Ko\u0142a weszli:<\/p>\n\n\n\n<ol class=\"wp-block-list\"><li>Prezes Zarz\u0105du Ko\u0142a, kol. El\u017cbieta Bisikiewicz<\/li><li>Wiceprezes Zarz\u0105du Ko\u0142a, kol. Edward Lada<\/li><li>Sekretarz Zarz\u0105du Ko\u0142a, kol. Witold Telus<\/li><li>Skarbnik Zarz\u0105du Ko\u0142a, kol. Beata Sza\u0142\u0119ga<\/li><li>Cz\u0142onek Zarz\u0105du Ko\u0142a, kol. Czes\u0142aw Dominas.<\/li><\/ol>\n\n\n\n<p>18.03.2019r. po rezygnacji kol. El\u017cbiety Bisikiewicz z funkcji Prezesa Zarz\u0105du podj\u0119li\u015bmy decyzj\u0119 o reorganizacji sk\u0142adu Zarz\u0105du Ko\u0142a:<\/p>\n\n\n\n<p>Funkcj\u0119 Prezesa Zarz\u0105du Ko\u0142a, podj\u0105\u0142 Przodownik Turystyki G\u00f3rskiej, kol. Edward Lada<\/p>\n\n\n\n<p>Funkcj\u0119 Wiceprezesa Zarz\u0105du Ko\u0142a podj\u0105\u0142 Przodownik Turystyki G\u00f3rskiej, kol. Witold Telus<\/p>\n\n\n\n<p>Funkcj\u0119 Sekretarza Zarz\u0105du Ko\u0142a przej\u0119\u0142a kol. El\u017cbieta Bisikiewicz<\/p>\n\n\n\n<p>Skarbnikiem Ko\u0142a pozosta\u0142a kol. Beata Sza\u0142\u0119ga<\/p>\n\n\n\n<p>Cz\u0142onkiem Zarz\u0105du pozosta\u0142 Honorowy Przodownik Turystyki G\u00f3rskiej, kol. Czes\u0142aw Dominas<\/p>\n\n\n\n<p>W dniu 08.01.2020r. na skutek rezygnacji kol. Beaty Sza\u0142\u0119gi z cz\u0142onkostwa w Kole Zarz\u0105d dokona\u0142 reorganizacji i tak:<\/p>\n\n\n\n<ol class=\"wp-block-list\"><li>Funkcj\u0119 Prezesa Zarz\u0105du obj\u0105\u0142 dotychczasowy Wiceprezes, kol. Edward Lada<\/li><li>Funkcj\u0119 Wiceprezesa Zarz\u0105du obj\u0105\u0142 dotychczasowy Cz\u0142onek Zarz\u0105du, kol. Czes\u0142aw Dominas<\/li><li>Funkcj\u0119 Sekretarza Zarz\u0105du obj\u0119\u0142a ust\u0119puj\u0105ca Prezes Zarz\u0105du, kol. El\u017cbieta Bisikiewicz<\/li><li>Funkcj\u0119 Skarbnika Zarz\u0105du w miejsce kol. Beaty Sza\u0142\u0119gi obj\u0105\u0142 kol. Witold Telus<\/li><li>Do Zarz\u0105du dokooptowano w funkcji Cz\u0142onka Zarz\u0105du kol. Edwarda Soj\u0119.<\/li><\/ol>\n\n\n\n<p>w takim sk\u0142adzie ko\u0144czymy II kadencj\u0119 Zarz\u0105du.<\/p>\n\n\n\n<p>Ko\u0144c\u00f3wka roku 2016 to bardzo o\u017cywiona dzia\u0142alno\u015b\u0107 programowa. Kontynuowany by\u0142 cykl rajd\u00f3w \u201cG\u0142\u00f3wny Szlak Sudecki\u201d, rajdy \u201cJesie\u0144 na granicy\u201d oraz \u201cRajd Niepodleg\u0142o\u015bci\u201d, \u201cRajd Barb\u00f3rkowy\u201d. Rozpocz\u0119li\u015bmy realizacj\u0119 spacer\u00f3w zimowych \u201cGor\u0105ca zima\u201d, kt\u00f3re pozwala\u0142y utrzyma\u0107 ci\u0105g\u0142o\u015b\u0107 oferty tak\u017ce w okresie zimowym.<\/p>\n\n\n\n<p>Rok 2017 to ci\u0105g dalszy naszych \u2018flagowych\u201d projekt\u00f3w: Rajd GSS, Rajd Przebi\u015bnieg, Noc \u015awi\u0119toja\u0144ska, Rajd Niepodleg\u0142o\u015bci, Rajd Barb\u00f3rkowy. Pojawi\u0142 si\u0119 nowy zestaw propozycji \u201cAktywne Lato 2017\u201d. Nasi cz\u0142onkowie zostali powo\u0142ani w sk\u0142ad w\u0142adz Oddzia\u0142u PTTK w K\u0142odzku: kol. Andrzej Wi\u015bniewski w sk\u0142ad Oddzia\u0142owej Komisji Rewizyjnej, kol. Czes\u0142aw Dominas w sk\u0142ad S\u0105du Kole\u017ce\u0144skiego i kol. Witold Telus na funkcj\u0119 Wiceprezesa Zarz\u0105du Oddzia\u0142u.<\/p>\n\n\n\n<p>Rok 2018 to dalsze dzia\u0142ania zgodnie z przyj\u0119tym planem &#8211; zamiast rajdu GSS do naszego kalendarza wchodz\u0105 imprezy pod wsp\u00f3lnym has\u0142em \u201cOstra Zima\u201d. Aktywnie wsp\u00f3\u0142pracujemy z Klubem Czeskich Turyst\u00f3w z Broumova.<\/p>\n\n\n\n<p>W roku 2019 zorganizowali\u015bmy \u0142\u0105cznie 40 imprez, w\u0142\u0105czaj\u0105c w to tradycyjne nasze propozycje oraz nowy cykl tematyczny \u201cRajd Szlakiem Zamk\u00f3w Piastowskich\u201d.<\/p>\n\n\n\n<p>Rok 2020 to pocz\u0105tek pandemii. Po udanym starcie cyklu zimowych spacer\u00f3w pod has\u0142em \u201cW poszukiwaniu \u015bniegu\u201d podj\u0119li\u015bmy decyzj\u0119 o zawieszeniu dzia\u0142alno\u015bci turystycznej do czasu zmian regulacji prawnych. Jesieni\u0105 wykorzystali\u015bmy kr\u00f3tkie \u201cokienko prawne\u201d na 3 imprezy &#8211; wyjazd na Ostas oraz udzia\u0142 w Rajdzie Porozumienia i Rajdzie Kartofelek.<\/p>\n\n\n\n<p>Rok 2021 to kolejne zatrzymanie dzia\u0142alno\u015bci Ko\u0142a z powodu pandemii. Dopiero w maju 2021 roku podj\u0119li\u015bmy decyzj\u0119 o powrocie do realizacji naszych plan\u00f3w. Uda\u0142o si\u0119 do ko\u0144ca roku zorganizowa\u0107 11 imprez turystycznych, ale w mocno okrojonej formule.<\/p>\n\n\n\n<p>Plany na rok 2022 mamy ambitne, ale tym razem raczej si\u0119 udaj\u0105. Przynajmniej o ile pogoda nie zmusi nas do ich modyfikacji.<\/p>\n\n\n\n<p>Sporym wyzwaniem jest odbudowanie stanu kadr. Po okresie pandemii zaobserwowali\u015bmy znaczny spadek liczebno\u015bci cz\u0142onk\u00f3w Ko\u0142a, o ponad po\u0142ow\u0119. Teraz &#8211; powoli &#8211; przyjmujemy nowych cz\u0142onk\u00f3w i odtwarzamy nasze kadry.<\/p>\n\n\n\n<p>Opr\u00f3cz organizacji imprez turystycznych w\u0142\u0105czyli\u015bmy nasze Ko\u0142o w dzia\u0142alno\u015b\u0107 lokalnych organizator\u00f3w turystyki. Pojawi\u0142y si\u0119 nowe szlaki turystyczne, w tym: \u201cG\u00f3rniczy Szlak M\u0142oteczkowy\u201d \u0142\u0105cz\u0105cy masyw W\u0142odyki z dawnym szybem \u201cNowy 1\u201d w S\u0142upcu. Trasa jest wyznakowana oczywi\u015bcie naszym symbolem \u201cg\u00f3rniczym\u201d. Do tej trasy doprowadzono kr\u00f3tki \u0142\u0105cznik w centrum miasta, kt\u00f3ry spi\u0105\u0142 szlak \u017c\u00f3\u0142ty na Boguszy ze szlakiem czarnym pod Rud\u0105 G\u00f3r\u0105.<\/p>\n\n\n\n<p>Kolejny du\u017cy projekt to szlak spacerowy \u201c\u015bwi\u0119toja\u0144ski\u201d dooko\u0142a miasta. \u0141\u0105czy m.in. Miejski O\u015brodek Kultury, Kapliczki D\u017cumowe, G\u00f3r\u0119 \u015bw. Anny, Krucz\u0105 Dolin\u0119, Biegan\u00f3w, Ma\u0142\u0105 Koloni\u0119, Zacisze i dolin\u0119 Woliborki z Czarnym Mostem.<\/p>\n\n\n\n<p>Na bie\u017c\u0105co odnawiamy tak\u017ce szlak niebieski z Nowej Rudy do Broumova i szlak czarny z Nowej Rudy na Prze\u0142\u0119cz Woliborsk\u0105.<\/p>\n\n\n\n<p>Wartym odnotowania jest utworzenie \u201cSzlaku Pielgrzymkowego Noworudzian\u201d, kt\u00f3ry po\u0142\u0105czy\u0142 Now\u0105 Rud\u0119 i Bardo, przechodz\u0105c przez Dzikowiec, Czerwie\u0144czyce, Wojb\u00f3rz i Opolnic\u0119.<\/p>\n\n\n\n<p>Mamy te\u017c \u201cna sumieniu\u201d kilka wydarze\u0144 humorystycznych. To oczywi\u015bcie akcje na Prima Aprlis. Pierwsza to wydanie \u201cbilet\u00f3w do lasu\u201d, czyli bilet\u00f3w wst\u0119pu do Parku Krajobrazowego G\u00f3r Sowich. Serdecznie pozdrawiamy Pana Nadle\u015bniczego z Jugowa.<\/p>\n\n\n\n<p>Drugi pomys\u0142 te\u017c mia\u0142 by\u0107 \u017cartem &#8211; ustanowienie \u201cKorony Nowej Rudy\u201d. Okaza\u0142o si\u0119 jednak, \u017ce \u017cart zacz\u0105\u0142 \u017cy\u0107 w\u0142asnym \u017cyciem i do Punktu Informacji Turystycznej wci\u0105\u017c zg\u0142aszaj\u0105 si\u0119 dumni zdobywcy \u201cKorony\u201d. W zwi\u0105zku z powy\u017cszym podj\u0119li\u015bmy decyzj\u0119 o aplikowaniu w programie \u201cBud\u017cet obywatelski\u201d do realizacji tego pomys\u0142u.<\/p>\n\n\n\n<p>Nie zasypiamy gruszek w popiele i zasilamy nasze kadry.<\/p>\n\n\n\n<p>S\u0105 z nami:<\/p>\n\n\n\n<p>5 Przodownik\u00f3w Turystyki G\u00f3rskiej (Edward Lada, Andrzej Wi\u015bniewski, Edward Soja, Witold Telus i Czes\u0142aw Dominas).<\/p>\n\n\n\n<p>7 Przewodnik\u00f3w Sudeckich (Zbigniew Babiak, Adrian Rowi\u0144ski, Jan Oko\u0144ski, Joanna Marcinkowska, Jaros\u0142aw Marcinkowski, Adam Mihilewicz i Witold Telus)<\/p>\n\n\n\n<p>4 Znakarzy (Andrzej Wi\u015bniewski, Edward Soja, Witold Telus i Czes\u0142aw Dominas)<\/p>\n\n\n\n<p>Kolejny kandydat na przewodnika &#8211; kol. Jaros\u0142aw Zychowicz &#8211; w\u0142a\u015bnie zdaje dzi\u015b egzamin przewodnicki.<\/p>\n\n\n\n<p>Ko\u0142o, wed\u0142ug stanu na dzi\u015b liczy ju\u017c 37 cz\u0142onk\u00f3w.<\/p>\n\n\n\n<p>Na koniec serdecznie podzi\u0119kowania dla:<\/p>\n\n\n\n<ol class=\"wp-block-list\"><li>Kole\u017canki El\u017cbiety Bisikiewicz &#8211; za odwa\u017cne prowadzenie Ko\u0142a przez spor\u0105 cz\u0119\u015b\u0107 kadencji, dba\u0142o\u015b\u0107 o porz\u0105dek i terminowo\u015b\u0107 oraz o kontakty Ko\u0142a z w\u0142adzami samorz\u0105dowymi i Klubem Czeskich Turyst\u00f3w. Tak\u017ce za po\u015bwi\u0119cenie niezliczonej ilo\u015bci czasu na organizacj\u0119 naszych spotka\u0144 i trzymanie porz\u0105dku w dokumentacji.<\/li><li>Kolegi Czes\u0142awa Dominasa &#8211; za g\u0142os rozs\u0105dku, niezliczone cenne uwagi do naszych plan\u00f3w, obowi\u0105zkowo\u015b\u0107 i sumienno\u015b\u0107 w realizacji podj\u0119tych zada\u0144, nieustanne szkolenie i doszkalanie naszych kadr, gromadzenie i porz\u0105dkowanie informacji historycznych i krajoznawczych. Nadto za dzia\u0142alno\u015b\u0107 w S\u0105dzie Kole\u017ce\u0144skim, w kt\u00f3rym wykaza\u0142 si\u0119 niezwyk\u0142ym talentem do rozwi\u0105zywania spor\u00f3w.<\/li><li>Kolegi Edwarda Lady &#8211; za podj\u0119cie roli prezesa w najtrudniejszym dla Ko\u0142a okresie pandemii i zawirowa\u0144 politycznych. Za najpi\u0119kniejsze fotorelacje z wypraw i cenne inicjatywy turystyczne. Za wspieranie sw\u0105 ogromn\u0105 wiedz\u0105 i do\u015bwiadczeniem z historii g\u00f3rnictwa i odkrycie wielu miejsc zwi\u0105zanych z wydobyciem w\u0119gla i innych kopalin w naszej okolicy.<\/li><li>Kolegi Edwarda Soi &#8211; za organizacj\u0119 cyklicznych imprez zimowych, dzi\u0119ki kt\u00f3rym duch w kole nie zgin\u0105\u0142. Za rzetelne i dok\u0142adne dokumentowanie prowadzonych rajd\u00f3w i spacer\u00f3w, a tak\u017ce za czynne w\u0142\u0105czenie si\u0119 w dzie\u0142o odnowy i wytyczania lokalnych tras turystycznych.<\/li><li>Samemu sobie dzi\u0119kowa\u0142 raczej nie b\u0119d\u0119 ;-). Prowadzi\u0142em nasz\u0105 stron\u0119 internetow\u0105, jaki\u015b czas finanse Ko\u0142a, a tak\u017ce wymy\u015bla\u0142em g\u0142upie dowcipy na Prima Aprilis. Czasem pokierowa\u0142em jakimi\u015b wycieczkami, nic wielkiego.<\/li><\/ol>\n\n\n\n<p>Szanowni cz\u0142onkowie Ko\u0142a PTTK im. \u201cGwark\u00f3w Noworudzkich\u201d w Nowej Rudzie &#8211; sk\u0142adaj\u0105c sprawozdanie z dzia\u0142alno\u015bci Zarz\u0105du Ko\u0142a uprzejmie prosz\u0119 o udzielenie absolutorium.<\/p>\n","protected":false},"excerpt":{"rendered":"<p>Sprawozdanie z dzia\u0142alno\u015bci Zarz\u0105du Ko\u0142a PTTK im. \u201cGwark\u00f3w Noworudzkich\u201d w Nowej Rudzie za okres II kadencji w\u0142adz, 28.10.2016r. &#8211; 24.04.2022r. Decyzj\u0105 Walnego Zebrania 28.10.2016r. w sk\u0142ad Zarz\u0105du Ko\u0142a weszli: Prezes Zarz\u0105du Ko\u0142a, kol. El\u017cbieta Bisikiewicz Wiceprezes Zarz\u0105du Ko\u0142a, kol. Edward Lada Sekretarz Zarz\u0105du Ko\u0142a, kol. Witold Telus Skarbnik Zarz\u0105du Ko\u0142a, kol. Beata Sza\u0142\u0119ga Cz\u0142onek Zarz\u0105du [&hellip;]<\/p>\n","protected":false},"author":141,"featured_media":0,"parent":0,"menu_order":0,"comment_status":"closed","ping_status":"closed","template":"","meta":{"ngg_post_thumbnail":0,"footnotes":""},"class_list":["post-4103","page","type-page","status-publish","hentry"],"_links":{"self":[{"href":"https:\/\/kolo-nowaruda.klodzko.pttk.pl\/index.php\/wp-json\/wp\/v2\/pages\/4103","targetHints":{"allow":["GET"]}}],"collection":[{"href":"https:\/\/kolo-nowaruda.klodzko.pttk.pl\/index.php\/wp-json\/wp\/v2\/pages"}],"about":[{"href":"https:\/\/kolo-nowaruda.klodzko.pttk.pl\/index.php\/wp-json\/wp\/v2\/types\/page"}],"author":[{"embeddable":true,"href":"https:\/\/kolo-nowaruda.klodzko.pttk.pl\/index.php\/wp-json\/wp\/v2\/users\/141"}],"replies":[{"embeddable":true,"href":"https:\/\/kolo-nowaruda.klodzko.pttk.pl\/index.php\/wp-json\/wp\/v2\/comments?post=4103"}],"version-history":[{"count":1,"href":"https:\/\/kolo-nowaruda.klodzko.pttk.pl\/index.php\/wp-json\/wp\/v2\/pages\/4103\/revisions"}],"predecessor-version":[{"id":4104,"href":"https:\/\/kolo-nowaruda.klodzko.pttk.pl\/index.php\/wp-json\/wp\/v2\/pages\/4103\/revisions\/4104"}],"wp:attachment":[{"href":"https:\/\/kolo-nowaruda.klodzko.pttk.pl\/index.php\/wp-json\/wp\/v2\/media?parent=4103"}],"curies":[{"name":"wp","href":"https:\/\/api.w.org\/{rel}","templated":true}]}}