{"id":58,"date":"2021-11-11T22:16:51","date_gmt":"2021-11-11T21:16:51","guid":{"rendered":"http:\/\/kolo-nowaruda.klodzko.n.pttk.pl\/?page_id=58"},"modified":"2021-12-22T21:07:34","modified_gmt":"2021-12-22T20:07:34","slug":"rok-2021","status":"publish","type":"page","link":"https:\/\/kolo-nowaruda.klodzko.pttk.pl\/index.php\/rok-2021\/","title":{"rendered":"Rok 2021"},"content":{"rendered":"\n<ul class=\"wp-block-list\"><li><a href=\"https:\/\/kolo-nowaruda.klodzko.pttk.pl\/2021\/11\/11\/v-rajd-niepodleglosci\/\" data-type=\"post\" data-id=\"37\">(2021-11-11) V Rajd Niepodleg\u0142o\u015bci<\/a><\/li><li><a href=\"https:\/\/kolo-nowaruda.klodzko.pttk.pl\/2021\/10\/30\/ukradkiem-na-czerniec\/\" data-type=\"post\" data-id=\"102\">(2021-10-30) Ukradkiem na Czerniec<\/a><\/li><li><a href=\"https:\/\/kolo-nowaruda.klodzko.pttk.pl\/2021\/10\/09\/kartofelek-na-dziedzincu-palacowym\/\" data-type=\"post\" data-id=\"274\">(2021-10-09) Rajd &#8222;Kartofelek&#8221;<\/a><\/li><li><a href=\"https:\/\/kolo-nowaruda.klodzko.pttk.pl\/2021\/10\/02\/przyjemna-ladecka-wedrowka\/\" data-type=\"post\" data-id=\"225\">(2021-10-02) Przyjemna l\u0105decka w\u0119dr\u00f3wka<\/a><\/li><li><a href=\"https:\/\/kolo-nowaruda.klodzko.pttk.pl\/2021\/09\/25\/jesien-na-granicy\/\" data-type=\"post\" data-id=\"289\">(2021-09-25) Jesie\u0144 na granicy<\/a><\/li><li><a href=\"https:\/\/kolo-nowaruda.klodzko.pttk.pl\/2021\/09\/11\/jesienne-rudawy\/\" data-type=\"post\" data-id=\"439\">(2021-09-18) Jesienne Rudawy<\/a><\/li><li><a href=\"https:\/\/kolo-nowaruda.klodzko.pttk.pl\/2021\/09\/11\/wokol-masywu-snieznika\/\" data-type=\"post\" data-id=\"506\">(2021-09-11) Wok\u00f3\u0142 Masywu \u015anie\u017cnika<\/a><\/li><li><a href=\"https:\/\/kolo-nowaruda.klodzko.pttk.pl\/2021\/08\/14\/szlakiem-klodzkich-kotow\/\" data-type=\"post\" data-id=\"516\">(2021-08-14) Szlakiem k\u0142odzkich kot\u00f3w<\/a><\/li><li><a href=\"https:\/\/kolo-nowaruda.klodzko.pttk.pl\/2021\/07\/24\/na-szlaku-zamkow-piastowskich-po-raz-trzeci\/\" data-type=\"post\" data-id=\"590\">(2021-07-24) Na szlaku Zamk\u00f3w Piastowskich po raz trzeci<\/a><\/li><li><a href=\"https:\/\/kolo-nowaruda.klodzko.pttk.pl\/2021\/06\/26\/vi-noc-swietojanska\/\" data-type=\"post\" data-id=\"607\">(2021-06-26) VI Noc \u015awi\u0119toja\u0144ska<\/a><\/li><li><a href=\"https:\/\/kolo-nowaruda.klodzko.pttk.pl\/2021\/05\/29\/iii-rajd-porozumienia\/\" data-type=\"post\" data-id=\"620\">(2021-05-29) III Rajd Porozumienia<\/a><\/li><\/ul>\n\n\n\n<p><\/p>\n","protected":false},"excerpt":{"rendered":"<p>(2021-11-11) V Rajd Niepodleg\u0142o\u015bci (2021-10-30) Ukradkiem na Czerniec (2021-10-09) Rajd &#8222;Kartofelek&#8221; (2021-10-02) Przyjemna l\u0105decka w\u0119dr\u00f3wka (2021-09-25) Jesie\u0144 na granicy (2021-09-18) Jesienne Rudawy (2021-09-11) Wok\u00f3\u0142 Masywu \u015anie\u017cnika (2021-08-14) Szlakiem k\u0142odzkich kot\u00f3w (2021-07-24) Na szlaku Zamk\u00f3w Piastowskich po raz trzeci (2021-06-26) VI Noc \u015awi\u0119toja\u0144ska (2021-05-29) III Rajd Porozumienia<\/p>\n","protected":false},"author":141,"featured_media":0,"parent":0,"menu_order":0,"comment_status":"closed","ping_status":"closed","template":"","meta":{"ngg_post_thumbnail":0,"footnotes":""},"class_list":["post-58","page","type-page","status-publish","hentry"],"_links":{"self":[{"href":"https:\/\/kolo-nowaruda.klodzko.pttk.pl\/index.php\/wp-json\/wp\/v2\/pages\/58","targetHints":{"allow":["GET"]}}],"collection":[{"href":"https:\/\/kolo-nowaruda.klodzko.pttk.pl\/index.php\/wp-json\/wp\/v2\/pages"}],"about":[{"href":"https:\/\/kolo-nowaruda.klodzko.pttk.pl\/index.php\/wp-json\/wp\/v2\/types\/page"}],"author":[{"embeddable":true,"href":"https:\/\/kolo-nowaruda.klodzko.pttk.pl\/index.php\/wp-json\/wp\/v2\/users\/141"}],"replies":[{"embeddable":true,"href":"https:\/\/kolo-nowaruda.klodzko.pttk.pl\/index.php\/wp-json\/wp\/v2\/comments?post=58"}],"version-history":[{"count":20,"href":"https:\/\/kolo-nowaruda.klodzko.pttk.pl\/index.php\/wp-json\/wp\/v2\/pages\/58\/revisions"}],"predecessor-version":[{"id":3516,"href":"https:\/\/kolo-nowaruda.klodzko.pttk.pl\/index.php\/wp-json\/wp\/v2\/pages\/58\/revisions\/3516"}],"wp:attachment":[{"href":"https:\/\/kolo-nowaruda.klodzko.pttk.pl\/index.php\/wp-json\/wp\/v2\/media?parent=58"}],"curies":[{"name":"wp","href":"https:\/\/api.w.org\/{rel}","templated":true}]}}