{"id":911,"date":"2021-11-13T18:34:49","date_gmt":"2021-11-13T17:34:49","guid":{"rendered":"http:\/\/kolo-nowaruda.klodzko.n.pttk.pl\/?page_id=911"},"modified":"2021-11-13T18:52:29","modified_gmt":"2021-11-13T17:52:29","slug":"rok-2020","status":"publish","type":"page","link":"https:\/\/kolo-nowaruda.klodzko.pttk.pl\/index.php\/rok-2020\/","title":{"rendered":"Rok 2020"},"content":{"rendered":"\n<p><a href=\"https:\/\/kolo-nowaruda.klodzko.pttk.pl\/2020\/10\/03\/rajd-kartofelek-2020\/\" data-type=\"post\" data-id=\"914\">(2020-10-03) Rajd KARTOFELEK 2020<\/a><br><a href=\"https:\/\/kolo-nowaruda.klodzko.pttk.pl\/2020\/09\/12\/917\/\" data-type=\"post\" data-id=\"917\">(2020-09-12) II Rajd Porozumienia na Biskupiej Kopie<\/a><br><a href=\"https:\/\/kolo-nowaruda.klodzko.pttk.pl\/2020\/08\/01\/rajd-na-ostas-czyli-czacha-dymi\/\" data-type=\"post\" data-id=\"919\">(2020-08-01) Rajd na Ostas, czyli &#8222;Czacha Dymi&#8221;<\/a><br><a href=\"https:\/\/kolo-nowaruda.klodzko.pttk.pl\/2020\/02\/29\/skok-na-halde\/\" data-type=\"post\" data-id=\"921\">(2020-02-29) Skok na ha\u0142d\u0119<\/a><br><a href=\"https:\/\/kolo-nowaruda.klodzko.pttk.pl\/2020\/02\/22\/rajd-niezimowy\/\" data-type=\"post\" data-id=\"923\">(2020-02-22) Rajd (nie)zimowy<\/a><br><a href=\"https:\/\/kolo-nowaruda.klodzko.pttk.pl\/2020\/02\/15\/w-poszukiwaniu-sniegu-cz-v\/\" data-type=\"post\" data-id=\"925\">(2020-02-15) W poszukiwaniu \u015bniegu cz.V<\/a><br><a href=\"https:\/\/kolo-nowaruda.klodzko.pttk.pl\/2020\/02\/01\/w-poszukiwaniu-sniegu-cz-iv\/\" data-type=\"post\" data-id=\"927\">(2020-02-01) W poszukiwaniu \u015bniegu cz.IV<\/a><br><a href=\"https:\/\/kolo-nowaruda.klodzko.pttk.pl\/2020\/01\/25\/w-poszukiwaniu-sniegu-cz-iii\/\" data-type=\"post\" data-id=\"929\">(2020-01-25) W poszukiwaniu \u015bniegu cz.III<\/a><br><a href=\"https:\/\/kolo-nowaruda.klodzko.pttk.pl\/2020\/01\/18\/w-poszukiwaniu-sniegu-cz-ii\/\" data-type=\"post\" data-id=\"931\">(2020-01-18) W poszukiwaniu \u015bniegu cz.II<\/a><br><a href=\"https:\/\/kolo-nowaruda.klodzko.pttk.pl\/2020\/01\/11\/w-poszukiwaniu-sniegu-cz-i\/\" data-type=\"post\" data-id=\"933\">(2020-01-11) W poszukiwaniu \u015bniegu cz.I<\/a><\/p>\n","protected":false},"excerpt":{"rendered":"<p>(2020-10-03) Rajd KARTOFELEK 2020(2020-09-12) II Rajd Porozumienia na Biskupiej Kopie(2020-08-01) Rajd na Ostas, czyli &#8222;Czacha Dymi&#8221;(2020-02-29) Skok na ha\u0142d\u0119(2020-02-22) Rajd (nie)zimowy(2020-02-15) W poszukiwaniu \u015bniegu cz.V(2020-02-01) W poszukiwaniu \u015bniegu cz.IV(2020-01-25) W poszukiwaniu \u015bniegu cz.III(2020-01-18) W poszukiwaniu \u015bniegu cz.II(2020-01-11) W poszukiwaniu \u015bniegu cz.I<\/p>\n","protected":false},"author":141,"featured_media":0,"parent":0,"menu_order":0,"comment_status":"closed","ping_status":"closed","template":"","meta":{"ngg_post_thumbnail":0,"footnotes":""},"class_list":["post-911","page","type-page","status-publish","hentry"],"_links":{"self":[{"href":"https:\/\/kolo-nowaruda.klodzko.pttk.pl\/index.php\/wp-json\/wp\/v2\/pages\/911","targetHints":{"allow":["GET"]}}],"collection":[{"href":"https:\/\/kolo-nowaruda.klodzko.pttk.pl\/index.php\/wp-json\/wp\/v2\/pages"}],"about":[{"href":"https:\/\/kolo-nowaruda.klodzko.pttk.pl\/index.php\/wp-json\/wp\/v2\/types\/page"}],"author":[{"embeddable":true,"href":"https:\/\/kolo-nowaruda.klodzko.pttk.pl\/index.php\/wp-json\/wp\/v2\/users\/141"}],"replies":[{"embeddable":true,"href":"https:\/\/kolo-nowaruda.klodzko.pttk.pl\/index.php\/wp-json\/wp\/v2\/comments?post=911"}],"version-history":[{"count":4,"href":"https:\/\/kolo-nowaruda.klodzko.pttk.pl\/index.php\/wp-json\/wp\/v2\/pages\/911\/revisions"}],"predecessor-version":[{"id":938,"href":"https:\/\/kolo-nowaruda.klodzko.pttk.pl\/index.php\/wp-json\/wp\/v2\/pages\/911\/revisions\/938"}],"wp:attachment":[{"href":"https:\/\/kolo-nowaruda.klodzko.pttk.pl\/index.php\/wp-json\/wp\/v2\/media?parent=911"}],"curies":[{"name":"wp","href":"https:\/\/api.w.org\/{rel}","templated":true}]}}